{"id":9081,"date":"2023-12-27T15:31:17","date_gmt":"2023-12-27T14:31:17","guid":{"rendered":"https:\/\/demo.milkiya.ma\/?page_id=9081"},"modified":"2024-01-11T17:45:49","modified_gmt":"2024-01-11T16:45:49","slug":"rejoindre-milkiya","status":"publish","type":"page","link":"https:\/\/demo.milkiya.ma\/fr_fr\/rejoindre-milkiya\/","title":{"rendered":"Rejoindre Milkiya"},"content":{"rendered":"<div class=\"vc_row wpb_row vc_row-fluid section-apropos-header\" ><div class=\"wpb_column vc_column_container vc_col-sm-12\"><div class=\"vc_column-inner\"><div class=\"wpb_wrapper\"><div class=\"mkdf-section-title-holder  mkdf-st-standard mkdf-st-title-center mkdf-st-normal-space \" style=\"text-align: center\">\n\t<div class=\"mkdf-st-inner\">\n\t\t\t\t\t<h1 class=\"mkdf-st-title\" style=\"color: #dd3334\">\n\t\t\t\tRejoindre le premier r\u00e9seau d\u2019agents mandataires immobiliers au Maroc\t\t\t<\/h1>\n\t\t\t\t\t<\/div>\n<\/div><div class=\"vc_empty_space\"   style=\"height: 75px\"><span class=\"vc_empty_space_inner\"><\/span><\/div>\n\t<div  class=\"wpb_single_image wpb_content_element vc_align_center\">\n\t\t\n\t\t<figure class=\"wpb_wrapper vc_figure\">\n\t\t\t<div class=\"vc_single_image-wrapper   vc_box_border_grey\"><img loading=\"lazy\" decoding=\"async\" width=\"1288\" height=\"500\" src=\"https:\/\/demo.milkiya.ma\/wp-content\/uploads\/2023\/12\/reseau-agents-milkiya.jpg\" class=\"vc_single_image-img attachment-full\" alt=\"reseau agents milkiya\" title=\"reseau agents milkiya\" \/><\/div>\n\t\t<\/figure>\n\t<\/div>\n\n\t<div class=\"wpb_text_column wpb_content_element  text-apropos-header\" >\n\t\t<div class=\"wpb_wrapper\">\n\t\t\t<p><span style=\"font-weight: 400; color: #000000;\">Milkiya apporte au Maroc un concept novateur pour faire de l\u2019immobilier diff\u00e9remment. S\u2019appuyant sur la force du r\u00e9seau, il offre \u00e0 ses agents mandataires la possibilit\u00e9 de travailler en toute autonomie, sans jamais \u00eatre seul ! Int\u00e9grer le r\u00e9seau Milkiya, c\u2019est rejoindre un cercle d\u2019AMIs et b\u00e9n\u00e9ficier de multiples avantages. Et ce, avec un objectif commun : faire de tous les projets immobiliers de nos clients, une belle exp\u00e9rience.<\/span><\/p>\n\n\t\t<\/div>\n\t<\/div>\n<\/div><\/div><\/div><\/div><section data-vc-full-width=\"true\" data-vc-full-width-init=\"false\" data-vc-stretch-content=\"true\" class=\"vc_section section-apropos-service section-rejoindre vc_custom_1703688284373 vc_section-has-fill\"><div class=\"mkdf-row-grid-section-wrapper \"  ><div class=\"mkdf-row-grid-section\"><div class=\"vc_row wpb_row vc_row-fluid vc_row-o-content-middle vc_row-flex\" ><div class=\"wpb_column vc_column_container vc_col-sm-12\"><div class=\"vc_column-inner\"><div class=\"wpb_wrapper\"><div class=\"mkdf-section-title-holder  mkdf-st-standard mkdf-st-title-center mkdf-st-normal-space \" style=\"text-align: center\">\n\t<div class=\"mkdf-st-inner\">\n\t\t\t\t\t<h2 class=\"mkdf-st-title\" style=\"color: #000000\">\n\t\t\t\tDonnez une nouvelle dimension \u00e0 votre carri\u00e8re\t\t\t<\/h2>\n\t\t\t\t\t<\/div>\n<\/div>\n\t<div class=\"wpb_text_column wpb_content_element \" >\n\t\t<div class=\"wpb_wrapper\">\n\t\t\t<p><span style=\"font-weight: 400; color: #000000;\">Rejoindre MILKIYA, c\u2019est adh\u00e9rer \u00e0 un nouveau concept plus humain et plus solidaire, o\u00f9 les efforts de chacun sont r\u00e9compens\u00e9s. Un mod\u00e8le qui permet \u00e0 tous d\u2019\u00eatre gagnants, que l\u2019on soit acheteur, vendeur, apporteur d\u2019affaires ou agent immobilier.<\/span><br \/>\n<span style=\"font-weight: 400; color: #000000;\">Concr\u00e8tement, en tant qu\u2019agent, cela signifie pour vous :<\/span><\/p>\n<ul>\n<li style=\"font-weight: 400;\" aria-level=\"1\"><span style=\"font-weight: 400; color: #000000;\"><strong>De nouvelles opportunit\u00e9s d\u2019affaires :<\/strong> La force du r\u00e9seau coupl\u00e9e \u00e0 un plan de g\u00e9n\u00e9ration de leads bien \u00e9tudi\u00e9 permet de d\u00e9cupler le potentiel d\u2019opportunit\u00e9s immobili\u00e8res.<\/span><\/li>\n<li style=\"font-weight: 400;\" aria-level=\"1\"><span style=\"font-weight: 400; color: #000000;\"><strong>De multiples sources de r\u00e9mun\u00e9ration :<\/strong> Augmentez vos revenus en parrainant et en formant de nouveaux agents, en d\u00e9tectant des projets pour nos partenaires, ou soumettant des projets aux autres AMIs.<\/span><\/li>\n<li style=\"font-weight: 400;\" aria-level=\"1\"><span style=\"font-weight: 400; color: #000000;\"><strong>Une marque forte qui se d\u00e9veloppe :<\/strong> B\u00e9n\u00e9ficiez de la notori\u00e9t\u00e9 et de l\u2019image de marque de Milkiya. Gagnez en visibilit\u00e9 \u00e0 travers les actions de communication et de promotion.<\/span><\/li>\n<li style=\"font-weight: 400;\" aria-level=\"1\"><span style=\"font-weight: 400; color: #000000;\"><strong>Des formations tout au long de l\u2019ann\u00e9e :<\/strong> Profitez de sessions de formation sur des th\u00e9matiques vari\u00e9es afin de compl\u00e9ter votre bo\u00eete \u00e0 outils et renforcer vos comp\u00e9tences.<\/span><\/li>\n<li style=\"font-weight: 400;\" aria-level=\"1\"><span style=\"font-weight: 400; color: #000000;\"><strong>Des outils de derni\u00e8res g\u00e9n\u00e9ration :<\/strong> Acc\u00e9dez depuis votre smartphone \u00e0 l\u2019application Milkiya : tous les outils indispensables \u00e0 port\u00e9e de main \u00e0 tout moment.<\/span><\/li>\n<\/ul>\n\n\t\t<\/div>\n\t<\/div>\n<div class=\"vc_empty_space\"   style=\"height: 78px\"><span class=\"vc_empty_space_inner\"><\/span><\/div><\/div><\/div><\/div><\/div><\/div><\/div><\/section><div class=\"vc_row-full-width vc_clearfix\"><\/div><div class=\"mkdf-row-grid-section-wrapper mkdf-content-aligment-center\"  ><div class=\"mkdf-row-grid-section\"><div id=\"section-amis\" class=\"vc_row wpb_row vc_row-fluid rejoindre-ami vc_custom_1703688637844\" ><div class=\"wpb_column vc_column_container vc_col-sm-12\"><div class=\"vc_column-inner\"><div class=\"wpb_wrapper\"><div class=\"vc_row wpb_row vc_inner vc_row-fluid\" ><div class=\"wpb_column vc_column_container vc_col-sm-12\"><div class=\"vc_column-inner\"><div class=\"wpb_wrapper\"><div class=\"mkdf-section-title-holder  mkdf-st-standard mkdf-st-title-center mkdf-st-normal-space \" style=\"text-align: center\">\n\t<div class=\"mkdf-st-inner\">\n\t\t\t\t\t<h2 class=\"mkdf-st-title\" style=\"color: #000000\">\n\t\t\t\tComment rejoindre le r\u00e9seau d\u2019AMIs MILKIYA ?\t\t\t<\/h2>\n\t\t\t\t\t<\/div>\n<\/div><\/div><\/div><\/div><\/div><div class=\"vc_row wpb_row vc_inner vc_row-fluid vc_custom_1703071019357 mkdf-content-aligment-left\" ><div class=\"wpb_column vc_column_container vc_col-sm-12\"><div class=\"vc_column-inner\"><div class=\"wpb_wrapper\">\n\t<div class=\"wpb_text_column wpb_content_element \" >\n\t\t<div class=\"wpb_wrapper\">\n\t\t\t<div id=\"TheTexte\" class=\"Texte\" lang=\"zxx\">\n<p><span style=\"font-weight: 400; color: #000000;\">Milkiya n\u2019est pas une simple agence immobili\u00e8re. Notre concept repose sur la cr\u00e9ation d\u2019un r\u00e9seau d\u2019experts de l\u2019immobilier \u00e0 l\u2019\u00e9chelle nationale. Nos futurs AMIs (Agents Mandataires Immobiliers) sont rigoureusement s\u00e9lectionn\u00e9s pour leurs comp\u00e9tences professionnelles, mais aussi pour leurs valeurs humaines. Vous souhaitez rejoindre une aventure passionnante ? Suivez-le guide !<\/span><\/div>\n\n\t\t<\/div>\n\t<\/div>\n<\/div><\/div><\/div><\/div><div class=\"mkdf-row-grid-section-wrapper mkdf-content-aligment-center\" ><div class=\"mkdf-row-grid-section\"><div class=\"vc_row wpb_row vc_inner vc_row-fluid\" ><div class=\"apropos-block-icon block-icon-rejoindre wpb_column vc_column_container vc_col-sm-12\"><div class=\"vc_column-inner\"><div class=\"wpb_wrapper\"><div class=\"mkdf-section-title-holder  mkdf-st-standard mkdf-st-title-center mkdf-st-normal-space \" style=\"text-align: center\">\n\t<div class=\"mkdf-st-inner\">\n\t\t\t\t\t<h4 class=\"mkdf-st-title\" style=\"color: #dd3334\">\n\t\t\t\t1.\t\t\t<\/h4>\n\t\t\t\t\t<\/div>\n<\/div><div class=\"mkdf-section-title-holder  mkdf-st-standard mkdf-st-title-center mkdf-st-normal-space \" style=\"text-align: center\">\n\t<div class=\"mkdf-st-inner\">\n\t\t\t\t\t<h5 class=\"mkdf-st-title\" style=\"color: #000000\">\n\t\t\t\tIdentifiez un parrain\t\t\t<\/h5>\n\t\t\t\t\t<\/div>\n<\/div>\n\t<div class=\"wpb_text_column wpb_content_element \" >\n\t\t<div class=\"wpb_wrapper\">\n\t\t\t<p style=\"text-align: center;\"><span style=\"color: #000000;\"><span style=\"font-weight: 400;\">sur notre annuaire <\/span><a href=\"\/trouver-un-conseiller-milkiya\/\"><span style=\"font-weight: 400;\">d\u2019agents en ligne <\/span><\/a><span style=\"font-weight: 400;\">, dans votre r\u00e9seau personnel ou professionnel, ou encore <\/span><span style=\"font-weight: 400;\">avec <a href=\"\/contact\">l\u2019aide de notre \u00e9quipe<\/a><\/span><span style=\"font-weight: 400;\">.<\/span><\/span><\/p>\n\n\t\t<\/div>\n\t<\/div>\n<div class=\"mkdf-section-title-holder  mkdf-st-standard mkdf-st-title-center mkdf-st-normal-space \" style=\"text-align: center\">\n\t<div class=\"mkdf-st-inner\">\n\t\t\t\t\t<h4 class=\"mkdf-st-title\" style=\"color: #dd3334\">\n\t\t\t\t2.\t\t\t<\/h4>\n\t\t\t\t\t<\/div>\n<\/div><div class=\"mkdf-section-title-holder  mkdf-st-standard mkdf-st-title-center mkdf-st-normal-space \" style=\"text-align: center\">\n\t<div class=\"mkdf-st-inner\">\n\t\t\t\t\t<h5 class=\"mkdf-st-title\" style=\"color: #000000\">\n\t\t\t\tD\u00e9couvrez l\u2019univers Milkiya\t\t\t<\/h5>\n\t\t\t\t\t<\/div>\n<\/div>\n\t<div class=\"wpb_text_column wpb_content_element \" >\n\t\t<div class=\"wpb_wrapper\">\n\t\t\t<p style=\"text-align: center;\"><span style=\"font-weight: 400; color: #000000;\">\u00e0 travers une session de pr\u00e9sentation et des entretiens avec votre parrain et l\u2019\u00e9quipe de direction.<\/span><\/p>\n\n\t\t<\/div>\n\t<\/div>\n<div class=\"mkdf-section-title-holder  mkdf-st-standard mkdf-st-title-center mkdf-st-normal-space \" style=\"text-align: center\">\n\t<div class=\"mkdf-st-inner\">\n\t\t\t\t\t<h4 class=\"mkdf-st-title\" style=\"color: #dd3334\">\n\t\t\t\t3.\t\t\t<\/h4>\n\t\t\t\t\t<\/div>\n<\/div><div class=\"mkdf-section-title-holder  mkdf-st-standard mkdf-st-title-center mkdf-st-normal-space \" style=\"text-align: center\">\n\t<div class=\"mkdf-st-inner\">\n\t\t\t\t\t<h5 class=\"mkdf-st-title\" style=\"color: #000000\">\n\t\t\t\tSoumettez votre dossier\t\t\t<\/h5>\n\t\t\t\t\t<\/div>\n<\/div>\n\t<div class=\"wpb_text_column wpb_content_element \" >\n\t\t<div class=\"wpb_wrapper\">\n\t\t\t<p style=\"text-align: center;\"><span style=\"font-weight: 400; color: #000000;\">avec l\u2019accompagnement et le support de votre parrain.<\/span><\/p>\n\n\t\t<\/div>\n\t<\/div>\n<div class=\"mkdf-section-title-holder  mkdf-st-standard mkdf-st-title-center mkdf-st-normal-space \" style=\"text-align: center\">\n\t<div class=\"mkdf-st-inner\">\n\t\t\t\t\t<h4 class=\"mkdf-st-title\" style=\"color: #dd3334\">\n\t\t\t\t4.\t\t\t<\/h4>\n\t\t\t\t\t<\/div>\n<\/div><div class=\"mkdf-section-title-holder  mkdf-st-standard mkdf-st-title-center mkdf-st-normal-space \" style=\"text-align: center\">\n\t<div class=\"mkdf-st-inner\">\n\t\t\t\t\t<h5 class=\"mkdf-st-title\" style=\"color: #000000\">\n\t\t\t\tD\u00e9marrez l'aventure\t\t\t<\/h5>\n\t\t\t\t\t<\/div>\n<\/div>\n\t<div class=\"wpb_text_column wpb_content_element \" >\n\t\t<div class=\"wpb_wrapper\">\n\t\t\t<p style=\"text-align: center;\"><span style=\"font-weight: 400; color: #000000;\">signant votre contrat de parrainage vous donnant acc\u00e8s \u00e0 votre kit de d\u00e9marrage et \u00e0 toutes les ressources Milkiya.<\/span><\/p>\n\n\t\t<\/div>\n\t<\/div>\n<\/div><\/div><\/div><\/div><\/div><\/div><div class=\"vc_row wpb_row vc_inner vc_row-fluid\" ><div class=\"wpb_column vc_column_container vc_col-sm-12\"><div class=\"vc_column-inner\"><div class=\"wpb_wrapper\"><a itemprop=\"url\" href=\"\/trouver-un-conseiller-milkiya\/\" target=\"_self\" style=\"color: #ffffff;background-color: #dd3334;border-color: rgba(0,0,0,0.01)\" class=\"mkdf-btn mkdf-btn-large mkdf-btn-solid mkdf-btn-custom-hover-bg mkdf-btn-custom-border-hover mkdf-btn-custom-hover-color\" data-hover-color=\"#ffffff\" data-hover-bg-color=\"#e37879\" data-hover-border-color=\"rgba(0,0,0,0.01)\" >\n    <span class=\"mkdf-btn-text\">Trouver un parrain<\/span>\n    <\/a><a itemprop=\"url\" href=\"\/contactez-milkiya\/\" target=\"_self\" style=\"color: #ffffff;background-color: #e37879\" class=\"mkdf-btn mkdf-btn-large mkdf-btn-solid mkdf-btn-custom-hover-bg mkdf-btn-custom-hover-color\" data-hover-color=\"#ffffff\" data-hover-bg-color=\"#dd3334\" >\n    <span class=\"mkdf-btn-text\">Contacter Milkiya<\/span>\n    <\/a><\/div><\/div><\/div><\/div><\/div><\/div><\/div><\/div><\/div><\/div>\n","protected":false},"excerpt":{"rendered":"Rejoindre le premier r\u00e9seau d\u2019agents mandataires immobiliers au Maroc Milkiya apporte au Maroc un concept novateur pour faire de l\u2019immobilier diff\u00e9remment. S\u2019appuyant sur la force du r\u00e9seau, il offre \u00e0 ses agents mandataires la possibilit\u00e9 de travailler en toute autonomie, sans jamais \u00eatre seul ! [...]","protected":false},"author":52,"featured_media":0,"parent":0,"menu_order":0,"comment_status":"closed","ping_status":"closed","template":"","meta":{"_acf_changed":false,"_lmt_disableupdate":"","_lmt_disable":"","_monsterinsights_skip_tracking":false,"_monsterinsights_sitenote_active":false,"_monsterinsights_sitenote_note":"","_monsterinsights_sitenote_category":0,"footnotes":""},"class_list":["post-9081","page","type-page","status-publish","hentry"],"acf":[],"yoast_head":"<!-- This site is optimized with the Yoast SEO plugin v24.0 - https:\/\/yoast.com\/wordpress\/plugins\/seo\/ -->\n<title>Rejoindre Milkiya - Milkiya<\/title>\n<meta name=\"robots\" content=\"index, follow, max-snippet:-1, max-image-preview:large, max-video-preview:-1\" \/>\n<link rel=\"canonical\" href=\"https:\/\/demo.milkiya.ma\/fr_fr\/rejoindre-milkiya\/\" \/>\n<meta property=\"og:locale\" content=\"fr_FR\" \/>\n<meta property=\"og:type\" content=\"article\" \/>\n<meta property=\"og:title\" content=\"Rejoindre Milkiya - Milkiya\" \/>\n<meta property=\"og:url\" content=\"https:\/\/demo.milkiya.ma\/fr_fr\/rejoindre-milkiya\/\" \/>\n<meta property=\"og:site_name\" content=\"Milkiya\" \/>\n<meta property=\"article:publisher\" content=\"https:\/\/www.facebook.com\/MILKIYA.officiel\/\" \/>\n<meta property=\"article:modified_time\" content=\"2024-01-11T16:45:49+00:00\" \/>\n<meta name=\"twitter:card\" content=\"summary_large_image\" \/>\n<meta name=\"twitter:site\" content=\"@Milkiya22\" \/>\n<meta name=\"twitter:label1\" content=\"Dur\u00e9e de lecture estim\u00e9e\" \/>\n\t<meta name=\"twitter:data1\" content=\"5 minutes\" \/>\n<script type=\"application\/ld+json\" class=\"yoast-schema-graph\">{\"@context\":\"https:\/\/schema.org\",\"@graph\":[{\"@type\":\"WebPage\",\"@id\":\"https:\/\/demo.milkiya.ma\/rejoindre-milkiya\/\",\"url\":\"https:\/\/demo.milkiya.ma\/rejoindre-milkiya\/\",\"name\":\"Rejoindre Milkiya - Milkiya\",\"isPartOf\":{\"@id\":\"https:\/\/demo.milkiya.ma\/fr_fr\/#website\"},\"datePublished\":\"2023-12-27T14:31:17+00:00\",\"dateModified\":\"2024-01-11T16:45:49+00:00\",\"breadcrumb\":{\"@id\":\"https:\/\/demo.milkiya.ma\/rejoindre-milkiya\/#breadcrumb\"},\"inLanguage\":\"fr-FR\",\"potentialAction\":[{\"@type\":\"ReadAction\",\"target\":[\"https:\/\/demo.milkiya.ma\/rejoindre-milkiya\/\"]}]},{\"@type\":\"BreadcrumbList\",\"@id\":\"https:\/\/demo.milkiya.ma\/rejoindre-milkiya\/#breadcrumb\",\"itemListElement\":[{\"@type\":\"ListItem\",\"position\":1,\"name\":\"Home\",\"item\":\"https:\/\/demo.milkiya.ma\/\"},{\"@type\":\"ListItem\",\"position\":2,\"name\":\"Rejoindre Milkiya\"}]},{\"@type\":\"WebSite\",\"@id\":\"https:\/\/demo.milkiya.ma\/fr_fr\/#website\",\"url\":\"https:\/\/demo.milkiya.ma\/fr_fr\/\",\"name\":\"Milkiya\",\"description\":\"Premier r\u00e9seau de mandataires immobilier au Maroc\",\"publisher\":{\"@id\":\"https:\/\/demo.milkiya.ma\/fr_fr\/#organization\"},\"potentialAction\":[{\"@type\":\"SearchAction\",\"target\":{\"@type\":\"EntryPoint\",\"urlTemplate\":\"https:\/\/demo.milkiya.ma\/fr_fr\/?s={search_term_string}\"},\"query-input\":{\"@type\":\"PropertyValueSpecification\",\"valueRequired\":true,\"valueName\":\"search_term_string\"}}],\"inLanguage\":\"fr-FR\"},{\"@type\":\"Organization\",\"@id\":\"https:\/\/demo.milkiya.ma\/fr_fr\/#organization\",\"name\":\"MILKIYA\",\"url\":\"https:\/\/demo.milkiya.ma\/fr_fr\/\",\"logo\":{\"@type\":\"ImageObject\",\"inLanguage\":\"fr-FR\",\"@id\":\"https:\/\/demo.milkiya.ma\/fr_fr\/#\/schema\/logo\/image\/\",\"url\":\"https:\/\/www.milkiya.ma\/wp-content\/uploads\/2022\/08\/logo-milkiya-wrb.webp\",\"contentUrl\":\"https:\/\/www.milkiya.ma\/wp-content\/uploads\/2022\/08\/logo-milkiya-wrb.webp\",\"width\":1440,\"height\":675,\"caption\":\"MILKIYA\"},\"image\":{\"@id\":\"https:\/\/demo.milkiya.ma\/fr_fr\/#\/schema\/logo\/image\/\"},\"sameAs\":[\"https:\/\/www.facebook.com\/MILKIYA.officiel\/\",\"https:\/\/x.com\/Milkiya22\",\"https:\/\/www.instagram.com\/milkiya.officiel\/\",\"https:\/\/www.linkedin.com\/company\/milkiya\/\"]}]}<\/script>\n<!-- \/ Yoast SEO plugin. -->","yoast_head_json":{"title":"Rejoindre Milkiya - Milkiya","robots":{"index":"index","follow":"follow","max-snippet":"max-snippet:-1","max-image-preview":"max-image-preview:large","max-video-preview":"max-video-preview:-1"},"canonical":"https:\/\/demo.milkiya.ma\/fr_fr\/rejoindre-milkiya\/","og_locale":"fr_FR","og_type":"article","og_title":"Rejoindre Milkiya - Milkiya","og_url":"https:\/\/demo.milkiya.ma\/fr_fr\/rejoindre-milkiya\/","og_site_name":"Milkiya","article_publisher":"https:\/\/www.facebook.com\/MILKIYA.officiel\/","article_modified_time":"2024-01-11T16:45:49+00:00","twitter_card":"summary_large_image","twitter_site":"@Milkiya22","twitter_misc":{"Dur\u00e9e de lecture estim\u00e9e":"5 minutes"},"schema":{"@context":"https:\/\/schema.org","@graph":[{"@type":"WebPage","@id":"https:\/\/demo.milkiya.ma\/rejoindre-milkiya\/","url":"https:\/\/demo.milkiya.ma\/rejoindre-milkiya\/","name":"Rejoindre Milkiya - Milkiya","isPartOf":{"@id":"https:\/\/demo.milkiya.ma\/fr_fr\/#website"},"datePublished":"2023-12-27T14:31:17+00:00","dateModified":"2024-01-11T16:45:49+00:00","breadcrumb":{"@id":"https:\/\/demo.milkiya.ma\/rejoindre-milkiya\/#breadcrumb"},"inLanguage":"fr-FR","potentialAction":[{"@type":"ReadAction","target":["https:\/\/demo.milkiya.ma\/rejoindre-milkiya\/"]}]},{"@type":"BreadcrumbList","@id":"https:\/\/demo.milkiya.ma\/rejoindre-milkiya\/#breadcrumb","itemListElement":[{"@type":"ListItem","position":1,"name":"Home","item":"https:\/\/demo.milkiya.ma\/"},{"@type":"ListItem","position":2,"name":"Rejoindre Milkiya"}]},{"@type":"WebSite","@id":"https:\/\/demo.milkiya.ma\/fr_fr\/#website","url":"https:\/\/demo.milkiya.ma\/fr_fr\/","name":"Milkiya","description":"Premier r\u00e9seau de mandataires immobilier au Maroc","publisher":{"@id":"https:\/\/demo.milkiya.ma\/fr_fr\/#organization"},"potentialAction":[{"@type":"SearchAction","target":{"@type":"EntryPoint","urlTemplate":"https:\/\/demo.milkiya.ma\/fr_fr\/?s={search_term_string}"},"query-input":{"@type":"PropertyValueSpecification","valueRequired":true,"valueName":"search_term_string"}}],"inLanguage":"fr-FR"},{"@type":"Organization","@id":"https:\/\/demo.milkiya.ma\/fr_fr\/#organization","name":"MILKIYA","url":"https:\/\/demo.milkiya.ma\/fr_fr\/","logo":{"@type":"ImageObject","inLanguage":"fr-FR","@id":"https:\/\/demo.milkiya.ma\/fr_fr\/#\/schema\/logo\/image\/","url":"https:\/\/www.milkiya.ma\/wp-content\/uploads\/2022\/08\/logo-milkiya-wrb.webp","contentUrl":"https:\/\/www.milkiya.ma\/wp-content\/uploads\/2022\/08\/logo-milkiya-wrb.webp","width":1440,"height":675,"caption":"MILKIYA"},"image":{"@id":"https:\/\/demo.milkiya.ma\/fr_fr\/#\/schema\/logo\/image\/"},"sameAs":["https:\/\/www.facebook.com\/MILKIYA.officiel\/","https:\/\/x.com\/Milkiya22","https:\/\/www.instagram.com\/milkiya.officiel\/","https:\/\/www.linkedin.com\/company\/milkiya\/"]}]}},"_links":{"self":[{"href":"https:\/\/demo.milkiya.ma\/fr_fr\/wp-json\/wp\/v2\/pages\/9081","targetHints":{"allow":["GET"]}}],"collection":[{"href":"https:\/\/demo.milkiya.ma\/fr_fr\/wp-json\/wp\/v2\/pages"}],"about":[{"href":"https:\/\/demo.milkiya.ma\/fr_fr\/wp-json\/wp\/v2\/types\/page"}],"author":[{"embeddable":true,"href":"https:\/\/demo.milkiya.ma\/fr_fr\/wp-json\/wp\/v2\/users\/52"}],"replies":[{"embeddable":true,"href":"https:\/\/demo.milkiya.ma\/fr_fr\/wp-json\/wp\/v2\/comments?post=9081"}],"version-history":[{"count":7,"href":"https:\/\/demo.milkiya.ma\/fr_fr\/wp-json\/wp\/v2\/pages\/9081\/revisions"}],"predecessor-version":[{"id":9140,"href":"https:\/\/demo.milkiya.ma\/fr_fr\/wp-json\/wp\/v2\/pages\/9081\/revisions\/9140"}],"wp:attachment":[{"href":"https:\/\/demo.milkiya.ma\/fr_fr\/wp-json\/wp\/v2\/media?parent=9081"}],"curies":[{"name":"wp","href":"https:\/\/api.w.org\/{rel}","templated":true}]}}