{"id":9056,"date":"2023-12-25T17:52:10","date_gmt":"2023-12-25T16:52:10","guid":{"rendered":"https:\/\/demo.milkiya.ma\/?page_id=9056"},"modified":"2024-01-11T17:44:26","modified_gmt":"2024-01-11T16:44:26","slug":"vendre-bien-immobilier-maroc","status":"publish","type":"page","link":"https:\/\/demo.milkiya.ma\/fr_fr\/vendre-bien-immobilier-maroc\/","title":{"rendered":"Vendre"},"content":{"rendered":"<div class=\"vc_row wpb_row vc_row-fluid section-apropos-header\" ><div class=\"wpb_column vc_column_container vc_col-sm-12\"><div class=\"vc_column-inner\"><div class=\"wpb_wrapper\"><div class=\"mkdf-section-title-holder  mkdf-st-standard mkdf-st-title-center mkdf-st-normal-space \" style=\"text-align: center\">\n\t<div class=\"mkdf-st-inner\">\n\t\t\t\t\t<h1 class=\"mkdf-st-title\" style=\"color: #dd3334\">\n\t\t\t\tVendre un bien immobilier dans les meilleurs d\u00e9lais\t\t\t<\/h1>\n\t\t\t\t\t<\/div>\n<\/div><div class=\"vc_empty_space\"   style=\"height: 75px\"><span class=\"vc_empty_space_inner\"><\/span><\/div>\n\t<div  class=\"wpb_single_image wpb_content_element vc_align_center\">\n\t\t\n\t\t<figure class=\"wpb_wrapper vc_figure\">\n\t\t\t<div class=\"vc_single_image-wrapper   vc_box_border_grey\"><img loading=\"lazy\" decoding=\"async\" width=\"1288\" height=\"501\" src=\"https:\/\/demo.milkiya.ma\/wp-content\/uploads\/2023\/12\/vendre-bien-immobilier-maroc.jpg\" class=\"vc_single_image-img attachment-full\" alt=\"vendre bien immobilier maroc\" title=\"vendre bien immobilier maroc\" \/><\/div>\n\t\t<\/figure>\n\t<\/div>\n\n\t<div class=\"wpb_text_column wpb_content_element  text-apropos-header\" >\n\t\t<div class=\"wpb_wrapper\">\n\t\t\t<p><span style=\"font-weight: 400; color: #000000;\">Vendre un bien immobilier, qu\u2019il s\u2019agisse d\u2019un logement, d\u2019un local commercial ou encore d\u2019un terrain, n\u2019est pas toujours une mince affaire ! Fixer le prix, communiquer, trouver un acqu\u00e9reur fiable ou \u00e9viter un trop grand nombre d\u2019interm\u00e9diaires rel\u00e8ve parfois du parcours du combattant. Chez Milkiya, c\u2019est tout un r\u00e9seau qui s\u2019active pour mener \u00e0 bien la transaction, dans les meilleurs d\u00e9lais et aux meilleures conditions. Nos conseillers form\u00e9s et rompus aux techniques de vente immobili\u00e8re vous accompagnent \u00e0 chaque \u00e9tape. Estimation du prix de votre bien, mise en valeur, diffusion d\u2019annonces qualitatives sur les meilleurs supports, recherche d\u2019acqu\u00e9reurs s\u00e9rieux et solvables, n\u00e9gociation &#8230; les AMIs Milkiya sont \u00e0 vos c\u00f4t\u00e9s pour aboutir au succ\u00e8s !<\/span><\/p>\n\n\t\t<\/div>\n\t<\/div>\n<\/div><\/div><\/div><\/div><section data-vc-full-width=\"true\" data-vc-full-width-init=\"false\" data-vc-stretch-content=\"true\" class=\"vc_section section-apropos-service vendre-page vc_custom_1703522593181 vc_section-has-fill\"><div class=\"mkdf-row-grid-section-wrapper \"  ><div class=\"mkdf-row-grid-section\"><div class=\"vc_row wpb_row vc_row-fluid vc_row-o-content-middle vc_row-flex\" ><div class=\"wpb_column vc_column_container vc_col-sm-12\"><div class=\"vc_column-inner\"><div class=\"wpb_wrapper\"><div class=\"mkdf-section-title-holder  mkdf-st-standard mkdf-st-title-center mkdf-st-normal-space \" style=\"text-align: center\">\n\t<div class=\"mkdf-st-inner\">\n\t\t\t\t\t<h2 class=\"mkdf-st-title\" style=\"color: #000000\">\n\t\t\t\tPourquoi choisir Milkiya pour la vente de votre bien ?\t\t\t<\/h2>\n\t\t\t\t\t<\/div>\n<\/div>\n\t<div class=\"wpb_text_column wpb_content_element \" >\n\t\t<div class=\"wpb_wrapper\">\n\t\t\t<p style=\"text-align: center;\"><span style=\"font-weight: 400; color: #000000;\">Milkiya, c\u2019est le partenaire de confiance de tous vos projets immobiliers. Nos AMIs vous accompagnent avec passion et d\u00e9termination pour l\u2019aboutissement de vos projets dans les meilleures conditions.<\/span><\/p>\n\n\t\t<\/div>\n\t<\/div>\n<div class=\"vc_empty_space\"   style=\"height: 78px\"><span class=\"vc_empty_space_inner\"><\/span><\/div><\/div><\/div><\/div><\/div><\/div><\/div><div class=\"mkdf-row-grid-section-wrapper \"  ><div class=\"mkdf-row-grid-section\"><div class=\"vc_row wpb_row vc_row-fluid section-service-vendre\" ><div class=\"wpb_column vc_column_container vc_col-sm-12\"><div class=\"vc_column-inner\"><div class=\"wpb_wrapper\"><div class=\"mkdf-row-grid-section-wrapper mkdf-content-aligment-center\" ><div class=\"mkdf-row-grid-section\"><div class=\"vc_row wpb_row vc_inner vc_row-fluid\" ><div class=\"apropos-block-icon wpb_column vc_column_container vc_col-sm-12\"><div class=\"vc_column-inner\"><div class=\"wpb_wrapper\">\n\t<div  class=\"wpb_single_image wpb_content_element vc_align_center\">\n\t\t\n\t\t<figure class=\"wpb_wrapper vc_figure\">\n\t\t\t<div class=\"vc_single_image-wrapper   vc_box_border_grey\"><img loading=\"lazy\" decoding=\"async\" width=\"70\" height=\"91\" src=\"https:\/\/demo.milkiya.ma\/wp-content\/uploads\/2023\/12\/agent-immobilier.jpg\" class=\"vc_single_image-img attachment-full\" alt=\"agent immobilier\" title=\"agent immobilier\" \/><\/div>\n\t\t<\/figure>\n\t<\/div>\n<div class=\"mkdf-section-title-holder  mkdf-st-standard mkdf-st-title-center mkdf-st-normal-space \" style=\"text-align: center\">\n\t<div class=\"mkdf-st-inner\">\n\t\t\t\t\t<h3 class=\"mkdf-st-title\" style=\"color: #000000\">\n\t\t\t\tUn r\u00e9seau d\u2019experts immobiliers sur tout le Royaume\t\t\t<\/h3>\n\t\t\t\t\t<\/div>\n<\/div>\n\t<div class=\"wpb_text_column wpb_content_element \" >\n\t\t<div class=\"wpb_wrapper\">\n\t\t\t<p><span style=\"font-weight: 400; color: #000000;\">Quel que soit le type de bien que souhaitez c\u00e9der et son emplacement, un AMI r\u00e9pondra pr\u00e9sent pour vous accompagner dans votre projet. La force du r\u00e9seau se met en action afin de trouver le sp\u00e9cialiste le plus aguerri sur le march\u00e9. Ville, quartier, bien r\u00e9sidentiel ou commercial, nos AMIs ont tous leurs sp\u00e9cialit\u00e9s. Ainsi, en fonction du bien \u00e0 vendre, nous vous mettons en relation avec l\u2019agent le plus qualifi\u00e9. De l\u2019estimation \u00e0 la signature de l\u2019acte de vente, vous \u00eates accompagn\u00e9 par un expert.<\/span><\/p>\n\n\t\t<\/div>\n\t<\/div>\n<\/div><\/div><\/div><\/div><\/div><\/div><div class=\"mkdf-row-grid-section-wrapper mkdf-content-aligment-center\" ><div class=\"mkdf-row-grid-section\"><div class=\"vc_row wpb_row vc_inner vc_row-fluid\" ><div class=\"apropos-block-icon wpb_column vc_column_container vc_col-sm-12\"><div class=\"vc_column-inner\"><div class=\"wpb_wrapper\">\n\t<div  class=\"wpb_single_image wpb_content_element vc_align_center\">\n\t\t\n\t\t<figure class=\"wpb_wrapper vc_figure\">\n\t\t\t<div class=\"vc_single_image-wrapper   vc_box_border_grey\"><img loading=\"lazy\" decoding=\"async\" width=\"96\" height=\"91\" src=\"https:\/\/demo.milkiya.ma\/wp-content\/uploads\/2023\/12\/valorisation-bien-immobilier.jpg\" class=\"vc_single_image-img attachment-full\" alt=\"valorisation bien immobilier\" title=\"valorisation bien immobilier\" \/><\/div>\n\t\t<\/figure>\n\t<\/div>\n<div class=\"mkdf-section-title-holder  mkdf-st-standard mkdf-st-title-center mkdf-st-normal-space \" style=\"text-align: center\">\n\t<div class=\"mkdf-st-inner\">\n\t\t\t\t\t<h3 class=\"mkdf-st-title\" style=\"color: #000000\">\n\t\t\t\tL\u2019art de mettre votre bien en valeur\t\t\t<\/h3>\n\t\t\t\t\t<\/div>\n<\/div>\n\t<div class=\"wpb_text_column wpb_content_element \" >\n\t\t<div class=\"wpb_wrapper\">\n\t\t\t<p><span style=\"font-weight: 400; color: #000000;\">Votre AMI vous accompagne dans la mise en valeur de votre bien. \u00c9ventuels r\u00e9am\u00e9nagements ou prises de vues valorisantes, nous sommes \u00e0 vos c\u00f4t\u00e9s pour pr\u00e9senter votre bien sous son meilleur jour. L\u2019optimisation des annonces et la diffusion simultan\u00e9e sur de nombreux supports reconnus pour leur notori\u00e9t\u00e9 permettent une visibilit\u00e9 maximum. En outre, votre AMI profite du portefeuille clients de tout le r\u00e9seau Milkiya afin de trouver rapidement un acqu\u00e9reur.<\/span><\/p>\n\n\t\t<\/div>\n\t<\/div>\n<\/div><\/div><\/div><\/div><\/div><\/div><div class=\"mkdf-row-grid-section-wrapper mkdf-content-aligment-center\" ><div class=\"mkdf-row-grid-section\"><div class=\"vc_row wpb_row vc_inner vc_row-fluid\" ><div class=\"apropos-block-icon wpb_column vc_column_container vc_col-sm-12\"><div class=\"vc_column-inner\"><div class=\"wpb_wrapper\">\n\t<div  class=\"wpb_single_image wpb_content_element vc_align_center\">\n\t\t\n\t\t<figure class=\"wpb_wrapper vc_figure\">\n\t\t\t<div class=\"vc_single_image-wrapper   vc_box_border_grey\"><img loading=\"lazy\" decoding=\"async\" width=\"90\" height=\"91\" src=\"https:\/\/demo.milkiya.ma\/wp-content\/uploads\/2023\/12\/satisfaction-vente-immobilier.jpg\" class=\"vc_single_image-img attachment-full\" alt=\"satisfaction vente immobilier\" title=\"satisfaction vente immobilier\" \/><\/div>\n\t\t<\/figure>\n\t<\/div>\n<div class=\"mkdf-section-title-holder  mkdf-st-standard mkdf-st-title-center mkdf-st-normal-space \" style=\"text-align: center\">\n\t<div class=\"mkdf-st-inner\">\n\t\t\t\t\t<h3 class=\"mkdf-st-title\" style=\"color: #000000\">\n\t\t\t\tFiabilit\u00e9, s\u00e9rieux et transparence\t\t\t<\/h3>\n\t\t\t\t\t<\/div>\n<\/div>\n\t<div class=\"wpb_text_column wpb_content_element \" >\n\t\t<div class=\"wpb_wrapper\">\n\t\t\t<p><span style=\"font-weight: 400; color: #000000;\">Nous intervenons dans un cadre bien d\u00e9fini d\u00e8s le d\u00e9but de la mission. La signature d\u2019un mandat d\u00e9finition le contexte et les objectifs de la mission acte le d\u00e9marrage du projet. Nous sommes garant du professionnalisme de nos agents et du respect des meilleures pratiques immobili\u00e8res. Les frais et commissions sont d\u00e9finis d\u00e8s le d\u00e9part ainsi nous garantissons que vous n\u2019aurez aucun frais cach\u00e9. Pendant toute la dur\u00e9e du projet, vous \u00e9changez avec un interlocuteur unique pour un suivi personnalis\u00e9 et de qualit\u00e9.<\/span><\/p>\n\n\t\t<\/div>\n\t<\/div>\n<\/div><\/div><\/div><\/div><\/div><\/div><div class=\"vc_row wpb_row vc_inner vc_row-fluid section-button-vendre\" ><div class=\"wpb_column vc_column_container vc_col-sm-12\"><div class=\"vc_column-inner\"><div class=\"wpb_wrapper\"><a itemprop=\"url\" href=\"\/trouver-un-conseiller-milkiya\/\" target=\"_self\" style=\"color: #ffffff;background-color: #dd3334;border-color: rgba(0,0,0,0.01)\" class=\"mkdf-btn mkdf-btn-large mkdf-btn-solid mkdf-btn-custom-hover-bg mkdf-btn-custom-border-hover mkdf-btn-custom-hover-color\" data-hover-color=\"#ffffff\" data-hover-bg-color=\"#e37879\" data-hover-border-color=\"rgba(0,0,0,0.01)\" >\n    <span class=\"mkdf-btn-text\">Trouver un AMI<\/span>\n    <\/a><a itemprop=\"url\" href=\"\/contactez-milkiya\/\" target=\"_self\" style=\"color: #ffffff;background-color: #e37879\" class=\"mkdf-btn mkdf-btn-large mkdf-btn-solid mkdf-btn-custom-hover-bg mkdf-btn-custom-hover-color\" data-hover-color=\"#ffffff\" data-hover-bg-color=\"#dd3334\" >\n    <span class=\"mkdf-btn-text\">Contacter Milkiya<\/span>\n    <\/a><\/div><\/div><\/div><\/div><\/div><\/div><\/div><\/div><\/div><\/div><\/section><div class=\"vc_row-full-width vc_clearfix\"><\/div>\n","protected":false},"excerpt":{"rendered":"Vendre un bien immobilier dans les meilleurs d\u00e9lais Vendre un bien immobilier, qu\u2019il s\u2019agisse d\u2019un logement, d\u2019un local commercial ou encore d\u2019un terrain, n\u2019est pas toujours une mince affaire ! Fixer le prix, communiquer, trouver un acqu\u00e9reur fiable ou \u00e9viter un trop grand nombre d\u2019interm\u00e9diaires [...]","protected":false},"author":52,"featured_media":0,"parent":0,"menu_order":0,"comment_status":"closed","ping_status":"closed","template":"","meta":{"_acf_changed":false,"_lmt_disableupdate":"","_lmt_disable":"","_monsterinsights_skip_tracking":false,"_monsterinsights_sitenote_active":false,"_monsterinsights_sitenote_note":"","_monsterinsights_sitenote_category":0,"footnotes":""},"class_list":["post-9056","page","type-page","status-publish","hentry"],"acf":[],"yoast_head":"<!-- This site is optimized with the Yoast SEO plugin v24.0 - https:\/\/yoast.com\/wordpress\/plugins\/seo\/ -->\n<title>Vendre - Milkiya<\/title>\n<meta name=\"robots\" content=\"index, follow, max-snippet:-1, max-image-preview:large, max-video-preview:-1\" \/>\n<link rel=\"canonical\" href=\"https:\/\/demo.milkiya.ma\/fr_fr\/vendre-bien-immobilier-maroc\/\" \/>\n<meta property=\"og:locale\" content=\"fr_FR\" \/>\n<meta property=\"og:type\" content=\"article\" \/>\n<meta property=\"og:title\" content=\"Vendre - Milkiya\" \/>\n<meta property=\"og:url\" content=\"https:\/\/demo.milkiya.ma\/fr_fr\/vendre-bien-immobilier-maroc\/\" \/>\n<meta property=\"og:site_name\" content=\"Milkiya\" \/>\n<meta property=\"article:publisher\" content=\"https:\/\/www.facebook.com\/MILKIYA.officiel\/\" \/>\n<meta property=\"article:modified_time\" content=\"2024-01-11T16:44:26+00:00\" \/>\n<meta name=\"twitter:card\" content=\"summary_large_image\" \/>\n<meta name=\"twitter:site\" content=\"@Milkiya22\" \/>\n<meta name=\"twitter:label1\" content=\"Dur\u00e9e de lecture estim\u00e9e\" \/>\n\t<meta name=\"twitter:data1\" content=\"4 minutes\" \/>\n<script type=\"application\/ld+json\" class=\"yoast-schema-graph\">{\"@context\":\"https:\/\/schema.org\",\"@graph\":[{\"@type\":\"WebPage\",\"@id\":\"https:\/\/demo.milkiya.ma\/ar\/vendre-bien-immobilier-maroc\/\",\"url\":\"https:\/\/demo.milkiya.ma\/ar\/vendre-bien-immobilier-maroc\/\",\"name\":\"Vendre - Milkiya\",\"isPartOf\":{\"@id\":\"https:\/\/demo.milkiya.ma\/fr_fr\/#website\"},\"datePublished\":\"2023-12-25T16:52:10+00:00\",\"dateModified\":\"2024-01-11T16:44:26+00:00\",\"breadcrumb\":{\"@id\":\"https:\/\/demo.milkiya.ma\/ar\/vendre-bien-immobilier-maroc\/#breadcrumb\"},\"inLanguage\":\"fr-FR\",\"potentialAction\":[{\"@type\":\"ReadAction\",\"target\":[\"https:\/\/demo.milkiya.ma\/ar\/vendre-bien-immobilier-maroc\/\"]}]},{\"@type\":\"BreadcrumbList\",\"@id\":\"https:\/\/demo.milkiya.ma\/ar\/vendre-bien-immobilier-maroc\/#breadcrumb\",\"itemListElement\":[{\"@type\":\"ListItem\",\"position\":1,\"name\":\"Home\",\"item\":\"https:\/\/demo.milkiya.ma\/\"},{\"@type\":\"ListItem\",\"position\":2,\"name\":\"Vendre\"}]},{\"@type\":\"WebSite\",\"@id\":\"https:\/\/demo.milkiya.ma\/fr_fr\/#website\",\"url\":\"https:\/\/demo.milkiya.ma\/fr_fr\/\",\"name\":\"Milkiya\",\"description\":\"Premier r\u00e9seau de mandataires immobilier au Maroc\",\"publisher\":{\"@id\":\"https:\/\/demo.milkiya.ma\/fr_fr\/#organization\"},\"potentialAction\":[{\"@type\":\"SearchAction\",\"target\":{\"@type\":\"EntryPoint\",\"urlTemplate\":\"https:\/\/demo.milkiya.ma\/fr_fr\/?s={search_term_string}\"},\"query-input\":{\"@type\":\"PropertyValueSpecification\",\"valueRequired\":true,\"valueName\":\"search_term_string\"}}],\"inLanguage\":\"fr-FR\"},{\"@type\":\"Organization\",\"@id\":\"https:\/\/demo.milkiya.ma\/fr_fr\/#organization\",\"name\":\"MILKIYA\",\"url\":\"https:\/\/demo.milkiya.ma\/fr_fr\/\",\"logo\":{\"@type\":\"ImageObject\",\"inLanguage\":\"fr-FR\",\"@id\":\"https:\/\/demo.milkiya.ma\/fr_fr\/#\/schema\/logo\/image\/\",\"url\":\"https:\/\/www.milkiya.ma\/wp-content\/uploads\/2022\/08\/logo-milkiya-wrb.webp\",\"contentUrl\":\"https:\/\/www.milkiya.ma\/wp-content\/uploads\/2022\/08\/logo-milkiya-wrb.webp\",\"width\":1440,\"height\":675,\"caption\":\"MILKIYA\"},\"image\":{\"@id\":\"https:\/\/demo.milkiya.ma\/fr_fr\/#\/schema\/logo\/image\/\"},\"sameAs\":[\"https:\/\/www.facebook.com\/MILKIYA.officiel\/\",\"https:\/\/x.com\/Milkiya22\",\"https:\/\/www.instagram.com\/milkiya.officiel\/\",\"https:\/\/www.linkedin.com\/company\/milkiya\/\"]}]}<\/script>\n<!-- \/ Yoast SEO plugin. -->","yoast_head_json":{"title":"Vendre - Milkiya","robots":{"index":"index","follow":"follow","max-snippet":"max-snippet:-1","max-image-preview":"max-image-preview:large","max-video-preview":"max-video-preview:-1"},"canonical":"https:\/\/demo.milkiya.ma\/fr_fr\/vendre-bien-immobilier-maroc\/","og_locale":"fr_FR","og_type":"article","og_title":"Vendre - Milkiya","og_url":"https:\/\/demo.milkiya.ma\/fr_fr\/vendre-bien-immobilier-maroc\/","og_site_name":"Milkiya","article_publisher":"https:\/\/www.facebook.com\/MILKIYA.officiel\/","article_modified_time":"2024-01-11T16:44:26+00:00","twitter_card":"summary_large_image","twitter_site":"@Milkiya22","twitter_misc":{"Dur\u00e9e de lecture estim\u00e9e":"4 minutes"},"schema":{"@context":"https:\/\/schema.org","@graph":[{"@type":"WebPage","@id":"https:\/\/demo.milkiya.ma\/ar\/vendre-bien-immobilier-maroc\/","url":"https:\/\/demo.milkiya.ma\/ar\/vendre-bien-immobilier-maroc\/","name":"Vendre - Milkiya","isPartOf":{"@id":"https:\/\/demo.milkiya.ma\/fr_fr\/#website"},"datePublished":"2023-12-25T16:52:10+00:00","dateModified":"2024-01-11T16:44:26+00:00","breadcrumb":{"@id":"https:\/\/demo.milkiya.ma\/ar\/vendre-bien-immobilier-maroc\/#breadcrumb"},"inLanguage":"fr-FR","potentialAction":[{"@type":"ReadAction","target":["https:\/\/demo.milkiya.ma\/ar\/vendre-bien-immobilier-maroc\/"]}]},{"@type":"BreadcrumbList","@id":"https:\/\/demo.milkiya.ma\/ar\/vendre-bien-immobilier-maroc\/#breadcrumb","itemListElement":[{"@type":"ListItem","position":1,"name":"Home","item":"https:\/\/demo.milkiya.ma\/"},{"@type":"ListItem","position":2,"name":"Vendre"}]},{"@type":"WebSite","@id":"https:\/\/demo.milkiya.ma\/fr_fr\/#website","url":"https:\/\/demo.milkiya.ma\/fr_fr\/","name":"Milkiya","description":"Premier r\u00e9seau de mandataires immobilier au Maroc","publisher":{"@id":"https:\/\/demo.milkiya.ma\/fr_fr\/#organization"},"potentialAction":[{"@type":"SearchAction","target":{"@type":"EntryPoint","urlTemplate":"https:\/\/demo.milkiya.ma\/fr_fr\/?s={search_term_string}"},"query-input":{"@type":"PropertyValueSpecification","valueRequired":true,"valueName":"search_term_string"}}],"inLanguage":"fr-FR"},{"@type":"Organization","@id":"https:\/\/demo.milkiya.ma\/fr_fr\/#organization","name":"MILKIYA","url":"https:\/\/demo.milkiya.ma\/fr_fr\/","logo":{"@type":"ImageObject","inLanguage":"fr-FR","@id":"https:\/\/demo.milkiya.ma\/fr_fr\/#\/schema\/logo\/image\/","url":"https:\/\/www.milkiya.ma\/wp-content\/uploads\/2022\/08\/logo-milkiya-wrb.webp","contentUrl":"https:\/\/www.milkiya.ma\/wp-content\/uploads\/2022\/08\/logo-milkiya-wrb.webp","width":1440,"height":675,"caption":"MILKIYA"},"image":{"@id":"https:\/\/demo.milkiya.ma\/fr_fr\/#\/schema\/logo\/image\/"},"sameAs":["https:\/\/www.facebook.com\/MILKIYA.officiel\/","https:\/\/x.com\/Milkiya22","https:\/\/www.instagram.com\/milkiya.officiel\/","https:\/\/www.linkedin.com\/company\/milkiya\/"]}]}},"_links":{"self":[{"href":"https:\/\/demo.milkiya.ma\/fr_fr\/wp-json\/wp\/v2\/pages\/9056","targetHints":{"allow":["GET"]}}],"collection":[{"href":"https:\/\/demo.milkiya.ma\/fr_fr\/wp-json\/wp\/v2\/pages"}],"about":[{"href":"https:\/\/demo.milkiya.ma\/fr_fr\/wp-json\/wp\/v2\/types\/page"}],"author":[{"embeddable":true,"href":"https:\/\/demo.milkiya.ma\/fr_fr\/wp-json\/wp\/v2\/users\/52"}],"replies":[{"embeddable":true,"href":"https:\/\/demo.milkiya.ma\/fr_fr\/wp-json\/wp\/v2\/comments?post=9056"}],"version-history":[{"count":7,"href":"https:\/\/demo.milkiya.ma\/fr_fr\/wp-json\/wp\/v2\/pages\/9056\/revisions"}],"predecessor-version":[{"id":9139,"href":"https:\/\/demo.milkiya.ma\/fr_fr\/wp-json\/wp\/v2\/pages\/9056\/revisions\/9139"}],"wp:attachment":[{"href":"https:\/\/demo.milkiya.ma\/fr_fr\/wp-json\/wp\/v2\/media?parent=9056"}],"curies":[{"name":"wp","href":"https:\/\/api.w.org\/{rel}","templated":true}]}}