{"id":117,"date":"2017-10-30T08:48:36","date_gmt":"2017-10-30T08:48:36","guid":{"rendered":"http:\/\/zuhaus.mikado-themes.com\/?page_id=117"},"modified":"2024-01-19T17:50:39","modified_gmt":"2024-01-19T16:50:39","slug":"contactez-milkiya","status":"publish","type":"page","link":"https:\/\/demo.milkiya.ma\/fr_fr\/contactez-milkiya\/","title":{"rendered":"Nous contacter"},"content":{"rendered":"<div class=\"mkdf-row-grid-section-wrapper \"  ><div class=\"mkdf-row-grid-section\"><div class=\"vc_row wpb_row vc_row-fluid section-apropos-header contact-page\" ><div class=\"wpb_column vc_column_container vc_col-sm-12\"><div class=\"vc_column-inner\"><div class=\"wpb_wrapper\"><div class=\"mkdf-section-title-holder  mkdf-st-standard mkdf-st-title-center mkdf-st-normal-space \" style=\"text-align: center\">\n\t<div class=\"mkdf-st-inner\">\n\t\t\t\t\t<h1 class=\"mkdf-st-title\" style=\"color: #dd3334\">\n\t\t\t\tContactez notre \u00e9quipe\t\t\t<\/h1>\n\t\t\t\t\t<\/div>\n<\/div>\n\t<div class=\"wpb_text_column wpb_content_element  text-apropos-header\" >\n\t\t<div class=\"wpb_wrapper\">\n\t\t\t<p style=\"text-align: center;\"><span style=\"font-weight: 400; color: #000000;\">Pour toute demande, veuillez compl\u00e9ter le formulaire. Nous mettrons tout en \u0153uvre pour y r\u00e9pondre dans les meilleurs d\u00e9lais.<\/span><\/p>\n\n\t\t<\/div>\n\t<\/div>\n<\/div><\/div><\/div><\/div><\/div><\/div><div class=\"mkdf-row-grid-section-wrapper \"  ><div class=\"mkdf-row-grid-section\"><div class=\"vc_row wpb_row vc_row-fluid section-contact-form\" ><div class=\"wpb_column vc_column_container vc_col-sm-6\"><div class=\"vc_column-inner\"><div class=\"wpb_wrapper\">\n<div class=\"wpcf7 no-js\" id=\"wpcf7-f2654-o1\" lang=\"en-US\" dir=\"ltr\" data-wpcf7-id=\"2654\">\n<div class=\"screen-reader-response\"><p role=\"status\" aria-live=\"polite\" aria-atomic=\"true\"><\/p> <ul><\/ul><\/div>\n<form action=\"\/fr_fr\/wp-json\/wp\/v2\/pages\/117#wpcf7-f2654-o1\" method=\"post\" class=\"wpcf7-form init\" aria-label=\"Contact form\" novalidate=\"novalidate\" data-status=\"init\">\n<div style=\"display: none;\">\n<input type=\"hidden\" name=\"_wpcf7\" value=\"2654\" \/>\n<input type=\"hidden\" name=\"_wpcf7_version\" value=\"6.0\" \/>\n<input type=\"hidden\" name=\"_wpcf7_locale\" value=\"en_US\" \/>\n<input type=\"hidden\" name=\"_wpcf7_unit_tag\" value=\"wpcf7-f2654-o1\" \/>\n<input type=\"hidden\" name=\"_wpcf7_container_post\" value=\"0\" \/>\n<input type=\"hidden\" name=\"_wpcf7_posted_data_hash\" value=\"\" \/>\n<input type=\"hidden\" name=\"_wpcf7_recaptcha_response\" value=\"\" \/>\n<\/div>\n<div class=\"form-contact-page\">\n\t<div class=\"row\">\n\t\t<div class=\"column\">\n\t\t\t<p><span class=\"wpcf7-form-control-wrap\" data-name=\"prenom\"><input size=\"40\" maxlength=\"400\" class=\"wpcf7-form-control wpcf7-text wpcf7-validates-as-required\" aria-required=\"true\" aria-invalid=\"false\" placeholder=\"Pr\u00e9nom*\" value=\"\" type=\"text\" name=\"prenom\" \/><\/span>\n\t\t\t<\/p>\n\t\t<\/div>\n\t\t<div class=\"column\">\n\t\t\t<p><span class=\"wpcf7-form-control-wrap\" data-name=\"nom\"><input size=\"40\" maxlength=\"400\" class=\"wpcf7-form-control wpcf7-text wpcf7-validates-as-required\" aria-required=\"true\" aria-invalid=\"false\" placeholder=\"Nom*\" value=\"\" type=\"text\" name=\"nom\" \/><\/span>\n\t\t\t<\/p>\n\t\t<\/div>\n\t<\/div>\n\t<div class=\"row\">\n\t\t<div class=\"column\">\n\t\t\t<p><span class=\"wpcf7-form-control-wrap\" data-name=\"email\"><input size=\"40\" maxlength=\"400\" class=\"wpcf7-form-control wpcf7-email wpcf7-validates-as-required wpcf7-text wpcf7-validates-as-email\" aria-required=\"true\" aria-invalid=\"false\" placeholder=\"Email*\" value=\"\" type=\"email\" name=\"email\" \/><\/span>\n\t\t\t<\/p>\n\t\t<\/div>\n\t\t<div class=\"column\">\n\t\t\t<p><span class=\"wpcf7-form-control-wrap\" data-name=\"tel\"><input size=\"40\" maxlength=\"400\" class=\"wpcf7-form-control wpcf7-tel wpcf7-text wpcf7-validates-as-tel\" aria-invalid=\"false\" placeholder=\"T\u00e9l\u00e9phone*\" value=\"\" type=\"tel\" name=\"tel\" \/><\/span>\n\t\t\t<\/p>\n\t\t<\/div>\n\t<\/div>\n\t<p><span class=\"wpcf7-form-control-wrap\" data-name=\"votre-message\"><textarea cols=\"40\" rows=\"10\" maxlength=\"2000\" class=\"wpcf7-form-control wpcf7-textarea\" aria-invalid=\"false\" placeholder=\"Votre Message*\" name=\"votre-message\"><\/textarea><\/span>\n\t<\/p>\n\t<fieldset>\n\t\t<p><span class=\"wpcf7-form-control-wrap\" data-name=\"term_and_conditions\"><span class=\"wpcf7-form-control wpcf7-acceptance\"><span class=\"wpcf7-list-item\"><label><input type=\"checkbox\" name=\"term_and_conditions\" value=\"1\" class=\"required\" aria-invalid=\"false\" \/><span class=\"wpcf7-list-item-label\">J'accepte que mes donn\u00e9es soient trait\u00e9es afin de r\u00e9pondre \u00e0 ma demande. Je reconnais avoir pris connaissance de la <a href=\"\/conditions-generales-dutilisation\/\" target=\"_blank\">politique de confidentialit\u00e9<\/a>.<\/span><\/label><\/span><\/span><\/span>\n\t\t<\/p>\n\t<\/fieldset>\n\t<div class=\"text-center send-form\">\n\t\t<p><input class=\"wpcf7-form-control wpcf7-submit has-spinner button\" type=\"submit\" value=\"Envoyer\" \/>\n\t\t<\/p>\n\t<\/div>\n<\/div><div class=\"wpcf7-response-output\" aria-hidden=\"true\"><\/div>\n<\/form>\n<\/div>\n<\/div><\/div><\/div><div class=\"section-map wpb_column vc_column_container vc_col-sm-6\"><div class=\"vc_column-inner\"><div class=\"wpb_wrapper\">\n\t<div class=\"wpb_text_column wpb_content_element \" >\n\t\t<div class=\"wpb_wrapper\">\n\t\t\t<p><span style=\"color: #000000;\"><span style=\"font-weight: 400;\">Vous pouvez \u00e9galement nous joindre par t\u00e9l\u00e9phone du lundi au vendredi de<\/span><\/span><br \/>\n<span style=\"color: #000000;\"><span style=\"font-weight: 400;\"> 8h30 \u00e0 18h00 : <\/span><span style=\"font-weight: 400;\">+212 522 392 900<\/span><\/span><br \/>\n<span style=\"font-weight: 400; color: #000000;\">Le si\u00e8ge de MILKIYA se situe Quartier Racine \u00e0 Casablanca, Maroc<\/span><\/p>\n\n\t\t<\/div>\n\t<\/div>\n<div class=\"wpb_gmaps_widget wpb_content_element\"><div class=\"wpb_wrapper\"><div class=\"wpb_map_wraper\"><iframe src=\"https:\/\/www.google.com\/maps\/embed?pb=!1m18!1m12!1m3!1d13294.776256885025!2d-7.655324975911214!3d33.58729176703481!2m3!1f0!2f0!3f0!3m2!1i1024!2i768!4f13.1!3m3!1m2!1s0xda7d2e67cf7df3d%3A0x40b2f2384f64b6e1!2sRACINE%2C%20Casablanca!5e0!3m2!1sfr!2sma!4v1661339698752!5m2!1sfr!2sma\" width=\"100%\" height=\"400\" style=\"border:0;\" allowfullscreen=\"\" loading=\"lazy\" referrerpolicy=\"no-referrer-when-downgrade\"><\/iframe><\/div><\/div><\/div><\/div><\/div><\/div><\/div><\/div><\/div><div class=\"vc_row wpb_row vc_row-fluid\" ><div class=\"wpb_column vc_column_container vc_col-sm-12\"><div class=\"vc_column-inner\"><div class=\"wpb_wrapper\">\n\t<div class=\"wpb_raw_code wpb_raw_js\" >\n\t\t<div class=\"wpb_wrapper\">\n\t\t\t<script type=\"text\/javascript\">\ndocument.addEventListener( 'wpcf7mailsent', function( event ) {\n    ga( 'send', 'event', 'Contact Form', 'submit' );\nalert(\"The contact form sent successfully.\");\n}, false );\n<\/script>\n\n\n\t\t<\/div>\n\t<\/div>\n<\/div><\/div><\/div><\/div>\n","protected":false},"excerpt":{"rendered":"Contactez notre \u00e9quipe Pour toute demande, veuillez compl\u00e9ter le formulaire. Nous mettrons tout en \u0153uvre pour y r\u00e9pondre dans les meilleurs d\u00e9lais. J'accepte que mes donn\u00e9es soient trait\u00e9es afin de r\u00e9pondre \u00e0 ma demande. Je reconnais avoir pris connaissance de la politique de confidentialit\u00e9. Vous [...]","protected":false},"author":1,"featured_media":0,"parent":0,"menu_order":0,"comment_status":"closed","ping_status":"closed","template":"","meta":{"_acf_changed":false,"_lmt_disableupdate":"","_lmt_disable":"","_monsterinsights_skip_tracking":false,"_monsterinsights_sitenote_active":false,"_monsterinsights_sitenote_note":"","_monsterinsights_sitenote_category":0,"footnotes":""},"class_list":["post-117","page","type-page","status-publish","hentry"],"acf":[],"yoast_head":"<!-- This site is optimized with the Yoast SEO plugin v24.0 - https:\/\/yoast.com\/wordpress\/plugins\/seo\/ -->\n<title>Nous contacter - Milkiya<\/title>\n<meta name=\"robots\" content=\"index, follow, max-snippet:-1, max-image-preview:large, max-video-preview:-1\" \/>\n<link rel=\"canonical\" href=\"https:\/\/demo.milkiya.ma\/fr_fr\/contactez-milkiya\/\" \/>\n<meta property=\"og:locale\" content=\"fr_FR\" \/>\n<meta property=\"og:type\" content=\"article\" \/>\n<meta property=\"og:title\" content=\"Nous contacter - Milkiya\" \/>\n<meta property=\"og:url\" content=\"https:\/\/demo.milkiya.ma\/fr_fr\/contactez-milkiya\/\" \/>\n<meta property=\"og:site_name\" content=\"Milkiya\" \/>\n<meta property=\"article:publisher\" content=\"https:\/\/www.facebook.com\/MILKIYA.officiel\/\" \/>\n<meta property=\"article:modified_time\" content=\"2024-01-19T16:50:39+00:00\" \/>\n<meta name=\"twitter:card\" content=\"summary_large_image\" \/>\n<meta name=\"twitter:site\" content=\"@Milkiya22\" \/>\n<meta name=\"twitter:label1\" content=\"Dur\u00e9e de lecture estim\u00e9e\" \/>\n\t<meta name=\"twitter:data1\" content=\"2 minutes\" \/>\n<script type=\"application\/ld+json\" class=\"yoast-schema-graph\">{\"@context\":\"https:\/\/schema.org\",\"@graph\":[{\"@type\":\"WebPage\",\"@id\":\"https:\/\/demo.milkiya.ma\/contactez-milkiya\/\",\"url\":\"https:\/\/demo.milkiya.ma\/contactez-milkiya\/\",\"name\":\"Nous contacter - Milkiya\",\"isPartOf\":{\"@id\":\"https:\/\/demo.milkiya.ma\/fr_fr\/#website\"},\"datePublished\":\"2017-10-30T08:48:36+00:00\",\"dateModified\":\"2024-01-19T16:50:39+00:00\",\"breadcrumb\":{\"@id\":\"https:\/\/demo.milkiya.ma\/contactez-milkiya\/#breadcrumb\"},\"inLanguage\":\"fr-FR\",\"potentialAction\":[{\"@type\":\"ReadAction\",\"target\":[\"https:\/\/demo.milkiya.ma\/contactez-milkiya\/\"]}]},{\"@type\":\"BreadcrumbList\",\"@id\":\"https:\/\/demo.milkiya.ma\/contactez-milkiya\/#breadcrumb\",\"itemListElement\":[{\"@type\":\"ListItem\",\"position\":1,\"name\":\"Home\",\"item\":\"https:\/\/demo.milkiya.ma\/\"},{\"@type\":\"ListItem\",\"position\":2,\"name\":\"Nous contacter\"}]},{\"@type\":\"WebSite\",\"@id\":\"https:\/\/demo.milkiya.ma\/fr_fr\/#website\",\"url\":\"https:\/\/demo.milkiya.ma\/fr_fr\/\",\"name\":\"Milkiya\",\"description\":\"Premier r\u00e9seau de mandataires immobilier au Maroc\",\"publisher\":{\"@id\":\"https:\/\/demo.milkiya.ma\/fr_fr\/#organization\"},\"potentialAction\":[{\"@type\":\"SearchAction\",\"target\":{\"@type\":\"EntryPoint\",\"urlTemplate\":\"https:\/\/demo.milkiya.ma\/fr_fr\/?s={search_term_string}\"},\"query-input\":{\"@type\":\"PropertyValueSpecification\",\"valueRequired\":true,\"valueName\":\"search_term_string\"}}],\"inLanguage\":\"fr-FR\"},{\"@type\":\"Organization\",\"@id\":\"https:\/\/demo.milkiya.ma\/fr_fr\/#organization\",\"name\":\"MILKIYA\",\"url\":\"https:\/\/demo.milkiya.ma\/fr_fr\/\",\"logo\":{\"@type\":\"ImageObject\",\"inLanguage\":\"fr-FR\",\"@id\":\"https:\/\/demo.milkiya.ma\/fr_fr\/#\/schema\/logo\/image\/\",\"url\":\"https:\/\/www.milkiya.ma\/wp-content\/uploads\/2022\/08\/logo-milkiya-wrb.webp\",\"contentUrl\":\"https:\/\/www.milkiya.ma\/wp-content\/uploads\/2022\/08\/logo-milkiya-wrb.webp\",\"width\":1440,\"height\":675,\"caption\":\"MILKIYA\"},\"image\":{\"@id\":\"https:\/\/demo.milkiya.ma\/fr_fr\/#\/schema\/logo\/image\/\"},\"sameAs\":[\"https:\/\/www.facebook.com\/MILKIYA.officiel\/\",\"https:\/\/x.com\/Milkiya22\",\"https:\/\/www.instagram.com\/milkiya.officiel\/\",\"https:\/\/www.linkedin.com\/company\/milkiya\/\"]}]}<\/script>\n<!-- \/ Yoast SEO plugin. -->","yoast_head_json":{"title":"Nous contacter - Milkiya","robots":{"index":"index","follow":"follow","max-snippet":"max-snippet:-1","max-image-preview":"max-image-preview:large","max-video-preview":"max-video-preview:-1"},"canonical":"https:\/\/demo.milkiya.ma\/fr_fr\/contactez-milkiya\/","og_locale":"fr_FR","og_type":"article","og_title":"Nous contacter - Milkiya","og_url":"https:\/\/demo.milkiya.ma\/fr_fr\/contactez-milkiya\/","og_site_name":"Milkiya","article_publisher":"https:\/\/www.facebook.com\/MILKIYA.officiel\/","article_modified_time":"2024-01-19T16:50:39+00:00","twitter_card":"summary_large_image","twitter_site":"@Milkiya22","twitter_misc":{"Dur\u00e9e de lecture estim\u00e9e":"2 minutes"},"schema":{"@context":"https:\/\/schema.org","@graph":[{"@type":"WebPage","@id":"https:\/\/demo.milkiya.ma\/contactez-milkiya\/","url":"https:\/\/demo.milkiya.ma\/contactez-milkiya\/","name":"Nous contacter - Milkiya","isPartOf":{"@id":"https:\/\/demo.milkiya.ma\/fr_fr\/#website"},"datePublished":"2017-10-30T08:48:36+00:00","dateModified":"2024-01-19T16:50:39+00:00","breadcrumb":{"@id":"https:\/\/demo.milkiya.ma\/contactez-milkiya\/#breadcrumb"},"inLanguage":"fr-FR","potentialAction":[{"@type":"ReadAction","target":["https:\/\/demo.milkiya.ma\/contactez-milkiya\/"]}]},{"@type":"BreadcrumbList","@id":"https:\/\/demo.milkiya.ma\/contactez-milkiya\/#breadcrumb","itemListElement":[{"@type":"ListItem","position":1,"name":"Home","item":"https:\/\/demo.milkiya.ma\/"},{"@type":"ListItem","position":2,"name":"Nous contacter"}]},{"@type":"WebSite","@id":"https:\/\/demo.milkiya.ma\/fr_fr\/#website","url":"https:\/\/demo.milkiya.ma\/fr_fr\/","name":"Milkiya","description":"Premier r\u00e9seau de mandataires immobilier au Maroc","publisher":{"@id":"https:\/\/demo.milkiya.ma\/fr_fr\/#organization"},"potentialAction":[{"@type":"SearchAction","target":{"@type":"EntryPoint","urlTemplate":"https:\/\/demo.milkiya.ma\/fr_fr\/?s={search_term_string}"},"query-input":{"@type":"PropertyValueSpecification","valueRequired":true,"valueName":"search_term_string"}}],"inLanguage":"fr-FR"},{"@type":"Organization","@id":"https:\/\/demo.milkiya.ma\/fr_fr\/#organization","name":"MILKIYA","url":"https:\/\/demo.milkiya.ma\/fr_fr\/","logo":{"@type":"ImageObject","inLanguage":"fr-FR","@id":"https:\/\/demo.milkiya.ma\/fr_fr\/#\/schema\/logo\/image\/","url":"https:\/\/www.milkiya.ma\/wp-content\/uploads\/2022\/08\/logo-milkiya-wrb.webp","contentUrl":"https:\/\/www.milkiya.ma\/wp-content\/uploads\/2022\/08\/logo-milkiya-wrb.webp","width":1440,"height":675,"caption":"MILKIYA"},"image":{"@id":"https:\/\/demo.milkiya.ma\/fr_fr\/#\/schema\/logo\/image\/"},"sameAs":["https:\/\/www.facebook.com\/MILKIYA.officiel\/","https:\/\/x.com\/Milkiya22","https:\/\/www.instagram.com\/milkiya.officiel\/","https:\/\/www.linkedin.com\/company\/milkiya\/"]}]}},"_links":{"self":[{"href":"https:\/\/demo.milkiya.ma\/fr_fr\/wp-json\/wp\/v2\/pages\/117","targetHints":{"allow":["GET"]}}],"collection":[{"href":"https:\/\/demo.milkiya.ma\/fr_fr\/wp-json\/wp\/v2\/pages"}],"about":[{"href":"https:\/\/demo.milkiya.ma\/fr_fr\/wp-json\/wp\/v2\/types\/page"}],"author":[{"embeddable":true,"href":"https:\/\/demo.milkiya.ma\/fr_fr\/wp-json\/wp\/v2\/users\/1"}],"replies":[{"embeddable":true,"href":"https:\/\/demo.milkiya.ma\/fr_fr\/wp-json\/wp\/v2\/comments?post=117"}],"version-history":[{"count":35,"href":"https:\/\/demo.milkiya.ma\/fr_fr\/wp-json\/wp\/v2\/pages\/117\/revisions"}],"predecessor-version":[{"id":9151,"href":"https:\/\/demo.milkiya.ma\/fr_fr\/wp-json\/wp\/v2\/pages\/117\/revisions\/9151"}],"wp:attachment":[{"href":"https:\/\/demo.milkiya.ma\/fr_fr\/wp-json\/wp\/v2\/media?parent=117"}],"curies":[{"name":"wp","href":"https:\/\/api.w.org\/{rel}","templated":true}]}}