{"id":9081,"date":"2023-12-27T15:31:17","date_gmt":"2023-12-27T14:31:17","guid":{"rendered":"https:\/\/demo.milkiya.ma\/?page_id=9081"},"modified":"2024-01-11T17:45:49","modified_gmt":"2024-01-11T16:45:49","slug":"rejoindre-milkiya","status":"publish","type":"page","link":"https:\/\/demo.milkiya.ma\/en\/rejoindre-milkiya\/","title":{"rendered":"Join Milkiya"},"content":{"rendered":"<div class=\"vc_row wpb_row vc_row-fluid section-apropos-header\" ><div class=\"wpb_column vc_column_container vc_col-sm-12\"><div class=\"vc_column-inner\"><div class=\"wpb_wrapper\"><div class=\"mkdf-section-title-holder  mkdf-st-standard mkdf-st-title-center mkdf-st-normal-space\" style=\"text-align: center\">\n\t<div class=\"mkdf-st-inner\">\n\t\t\t\t\t<h1 class=\"mkdf-st-title\" style=\"color: #dd3334\">\n\t\t\t\tJoin the first network of real estate agents in Morocco\t\t\t<\/h1>\n\t\t\t\t\t<\/div>\n<\/div><div class=\"vc_empty_space\"   style=\"height: 75px\"><span class=\"vc_empty_space_inner\"><\/span><\/div>\n\t<div  class=\"wpb_single_image wpb_content_element vc_align_center\">\n\t\t\n\t\t<figure class=\"wpb_wrapper vc_figure\">\n\t\t\t<div class=\"vc_single_image-wrapper   vc_box_border_grey\"><img loading=\"lazy\" decoding=\"async\" width=\"1288\" height=\"500\" src=\"https:\/\/demo.milkiya.ma\/wp-content\/uploads\/2023\/12\/reseau-agents-milkiya.jpg\" class=\"vc_single_image-img attachment-full\" alt=\"reseau agents milkiya\" title=\"reseau agents milkiya\" \/><\/div>\n\t\t<\/figure>\n\t<\/div>\n\n\t<div class=\"wpb_text_column wpb_content_element  text-apropos-header\" >\n\t\t<div class=\"wpb_wrapper\">\n\t\t\t<p><span style=\"font-weight: 400; color: #000000;\">Milkiya brings to Morocco an innovative concept for doing real estate differently. Drawing on the strength of the network, it offers its agents the possibility of working in complete autonomy, without ever being alone! Joining the Milkiya network means joining a circle of agents and benefiting from multiple advantages. And this, with a common objective: to make all of our clients' real estate projects a great experience.<\/span><\/p>\n\n\t\t<\/div>\n\t<\/div>\n<\/div><\/div><\/div><\/div><section data-vc-full-width=\"true\" data-vc-full-width-init=\"false\" data-vc-stretch-content=\"true\" class=\"vc_section section-apropos-service section-rejoindre vc_custom_1703688284373 vc_section-has-fill\"><div class=\"mkdf-row-grid-section-wrapper\"  ><div class=\"mkdf-row-grid-section\"><div class=\"vc_row wpb_row vc_row-fluid vc_row-o-content-middle vc_row-flex\" ><div class=\"wpb_column vc_column_container vc_col-sm-12\"><div class=\"vc_column-inner\"><div class=\"wpb_wrapper\"><div class=\"mkdf-section-title-holder  mkdf-st-standard mkdf-st-title-center mkdf-st-normal-space\" style=\"text-align: center\">\n\t<div class=\"mkdf-st-inner\">\n\t\t\t\t\t<h2 class=\"mkdf-st-title\" style=\"color: #000000\">\n\t\t\t\tGive a new dimension to your career\t\t\t<\/h2>\n\t\t\t\t\t<\/div>\n<\/div>\n\t<div class=\"wpb_text_column wpb_content_element\" >\n\t\t<div class=\"wpb_wrapper\">\n\t\t\t<p><span style=\"font-weight: 400; color: #000000;\">Joining MILKIYA means adhering to a new, more human and more united concept, where everyone's efforts are rewarded. A model that allows everyone to be a winner, whether you are a buyer, seller, business provider or real estate agent.<\/span><br \/>\n<span style=\"font-weight: 400; color: #000000;\">Concretely, as an agent, this means for you:<\/span><\/p>\n<ul>\n<li style=\"font-weight: 400;\" aria-level=\"1\"><span style=\"font-weight: 400; color: #000000;\"><strong>New business opportunities:<\/strong> The strength of the network coupled with a well-studied lead generation plan makes it possible to increase the potential for real estate opportunities tenfold.<\/span><\/li>\n<li style=\"font-weight: 400;\" aria-level=\"1\"><span style=\"font-weight: 400; color: #000000;\"><strong>Multiple sources of remuneration:<\/strong> Increase your income by sponsoring and training new agents, detecting projects for our partners, or submitting projects to other AMIs.<\/span><\/li>\n<li style=\"font-weight: 400;\" aria-level=\"1\"><span style=\"font-weight: 400; color: #000000;\"><strong>A strong brand that is growing:<\/strong> Benefit from Milkiya\u2019s notoriety and brand image. Gain visibility through communication and promotion actions.<\/span><\/li>\n<li style=\"font-weight: 400;\" aria-level=\"1\"><span style=\"font-weight: 400; color: #000000;\"><strong>Training throughout the year:<\/strong> Take advantage of training sessions on various themes to complete your toolbox and strengthen your skills.<\/span><\/li>\n<li style=\"font-weight: 400;\" aria-level=\"1\"><span style=\"font-weight: 400; color: #000000;\"><strong>Latest generation tools:<\/strong> Access the Milkiya application from your smartphone: all the essential tools at your fingertips at any time.<\/span><\/li>\n<\/ul>\n\n\t\t<\/div>\n\t<\/div>\n<div class=\"vc_empty_space\"   style=\"height: 78px\"><span class=\"vc_empty_space_inner\"><\/span><\/div><\/div><\/div><\/div><\/div><\/div><\/div><\/section><div class=\"vc_row-full-width vc_clearfix\"><\/div><div class=\"mkdf-row-grid-section-wrapper mkdf-content-aligment-center\"  ><div class=\"mkdf-row-grid-section\"><div id=\"section-amis\" class=\"vc_row wpb_row vc_row-fluid rejoindre-ami vc_custom_1703688637844\" ><div class=\"wpb_column vc_column_container vc_col-sm-12\"><div class=\"vc_column-inner\"><div class=\"wpb_wrapper\"><div class=\"vc_row wpb_row vc_inner vc_row-fluid\" ><div class=\"wpb_column vc_column_container vc_col-sm-12\"><div class=\"vc_column-inner\"><div class=\"wpb_wrapper\"><div class=\"mkdf-section-title-holder  mkdf-st-standard mkdf-st-title-center mkdf-st-normal-space\" style=\"text-align: center\">\n\t<div class=\"mkdf-st-inner\">\n\t\t\t\t\t<h2 class=\"mkdf-st-title\" style=\"color: #000000\">\n\t\t\t\tHow to join the MILKIYA agent network?\t\t\t<\/h2>\n\t\t\t\t\t<\/div>\n<\/div><\/div><\/div><\/div><\/div><div class=\"vc_row wpb_row vc_inner vc_row-fluid vc_custom_1703071019357 mkdf-content-aligment-left\" ><div class=\"wpb_column vc_column_container vc_col-sm-12\"><div class=\"vc_column-inner\"><div class=\"wpb_wrapper\">\n\t<div class=\"wpb_text_column wpb_content_element\" >\n\t\t<div class=\"wpb_wrapper\">\n\t\t\t<div id=\"TheTexte\" class=\"Texte\" lang=\"zxx\">\n<p><span style=\"font-weight: 400; color: #000000;\">Milkiya is not just a real estate agency. Our concept is based on the creation of a network of real estate experts on a national scale. Our future Agents (Real Estate Agents) are rigorously selected for their professional skills, but also for their human values. Do you want to join an exciting adventure? Follow the leader !<\/span><\/div>\n\n\t\t<\/div>\n\t<\/div>\n<\/div><\/div><\/div><\/div><div class=\"mkdf-row-grid-section-wrapper mkdf-content-aligment-center\" ><div class=\"mkdf-row-grid-section\"><div class=\"vc_row wpb_row vc_inner vc_row-fluid\" ><div class=\"apropos-block-icon block-icon-rejoindre wpb_column vc_column_container vc_col-sm-12\"><div class=\"vc_column-inner\"><div class=\"wpb_wrapper\"><div class=\"mkdf-section-title-holder  mkdf-st-standard mkdf-st-title-center mkdf-st-normal-space\" style=\"text-align: center\">\n\t<div class=\"mkdf-st-inner\">\n\t\t\t\t\t<h4 class=\"mkdf-st-title\" style=\"color: #dd3334\">\n\t\t\t\t1.\t\t\t<\/h4>\n\t\t\t\t\t<\/div>\n<\/div><div class=\"mkdf-section-title-holder  mkdf-st-standard mkdf-st-title-center mkdf-st-normal-space\" style=\"text-align: center\">\n\t<div class=\"mkdf-st-inner\">\n\t\t\t\t\t<h5 class=\"mkdf-st-title\" style=\"color: #000000\">\n\t\t\t\tIdentify a sponsor\t\t\t<\/h5>\n\t\t\t\t\t<\/div>\n<\/div>\n\t<div class=\"wpb_text_column wpb_content_element\" >\n\t\t<div class=\"wpb_wrapper\">\n\t\t\t<p style=\"text-align: center;\"><span style=\"color: #000000;\"><span style=\"font-weight: 400;\">on our directory <\/span><a href=\"\/trouver-un-conseiller-milkiya\/\"><span style=\"font-weight: 400;\">online agents <\/span><\/a><span style=\"font-weight: 400;\">, in your personal or professional network, or even <\/span><span style=\"font-weight: 400;\">with <a href=\"\/contact\">help from our team<\/a><\/span><span style=\"font-weight: 400;\">.<\/span><\/span><\/p>\n\n\t\t<\/div>\n\t<\/div>\n<div class=\"mkdf-section-title-holder  mkdf-st-standard mkdf-st-title-center mkdf-st-normal-space\" style=\"text-align: center\">\n\t<div class=\"mkdf-st-inner\">\n\t\t\t\t\t<h4 class=\"mkdf-st-title\" style=\"color: #dd3334\">\n\t\t\t\t2.\t\t\t<\/h4>\n\t\t\t\t\t<\/div>\n<\/div><div class=\"mkdf-section-title-holder  mkdf-st-standard mkdf-st-title-center mkdf-st-normal-space\" style=\"text-align: center\">\n\t<div class=\"mkdf-st-inner\">\n\t\t\t\t\t<h5 class=\"mkdf-st-title\" style=\"color: #000000\">\n\t\t\t\tDiscover the Milkiya universe\t\t\t<\/h5>\n\t\t\t\t\t<\/div>\n<\/div>\n\t<div class=\"wpb_text_column wpb_content_element\" >\n\t\t<div class=\"wpb_wrapper\">\n\t\t\t<p style=\"text-align: center;\"><span style=\"font-weight: 400; color: #000000;\">through a presentation session and interviews with your sponsor and the management team.<\/span><\/p>\n\n\t\t<\/div>\n\t<\/div>\n<div class=\"mkdf-section-title-holder  mkdf-st-standard mkdf-st-title-center mkdf-st-normal-space\" style=\"text-align: center\">\n\t<div class=\"mkdf-st-inner\">\n\t\t\t\t\t<h4 class=\"mkdf-st-title\" style=\"color: #dd3334\">\n\t\t\t\t3.\t\t\t<\/h4>\n\t\t\t\t\t<\/div>\n<\/div><div class=\"mkdf-section-title-holder  mkdf-st-standard mkdf-st-title-center mkdf-st-normal-space\" style=\"text-align: center\">\n\t<div class=\"mkdf-st-inner\">\n\t\t\t\t\t<h5 class=\"mkdf-st-title\" style=\"color: #000000\">\n\t\t\t\tSubmit your file\t\t\t<\/h5>\n\t\t\t\t\t<\/div>\n<\/div>\n\t<div class=\"wpb_text_column wpb_content_element\" >\n\t\t<div class=\"wpb_wrapper\">\n\t\t\t<p style=\"text-align: center;\"><span style=\"font-weight: 400; color: #000000;\">with the accompaniment and support of your sponsor.<\/span><\/p>\n\n\t\t<\/div>\n\t<\/div>\n<div class=\"mkdf-section-title-holder  mkdf-st-standard mkdf-st-title-center mkdf-st-normal-space\" style=\"text-align: center\">\n\t<div class=\"mkdf-st-inner\">\n\t\t\t\t\t<h4 class=\"mkdf-st-title\" style=\"color: #dd3334\">\n\t\t\t\t4.\t\t\t<\/h4>\n\t\t\t\t\t<\/div>\n<\/div><div class=\"mkdf-section-title-holder  mkdf-st-standard mkdf-st-title-center mkdf-st-normal-space\" style=\"text-align: center\">\n\t<div class=\"mkdf-st-inner\">\n\t\t\t\t\t<h5 class=\"mkdf-st-title\" style=\"color: #000000\">\n\t\t\t\tStart the adventure\t\t\t<\/h5>\n\t\t\t\t\t<\/div>\n<\/div>\n\t<div class=\"wpb_text_column wpb_content_element\" >\n\t\t<div class=\"wpb_wrapper\">\n\t\t\t<p style=\"text-align: center;\"><span style=\"font-weight: 400; color: #000000;\">signing your sponsorship contract giving you access to your starter kit and all Milkiya resources.<\/span><\/p>\n\n\t\t<\/div>\n\t<\/div>\n<\/div><\/div><\/div><\/div><\/div><\/div><div class=\"vc_row wpb_row vc_inner vc_row-fluid\" ><div class=\"wpb_column vc_column_container vc_col-sm-12\"><div class=\"vc_column-inner\"><div class=\"wpb_wrapper\"><a itemprop=\"url\" href=\"\/trouver-un-conseiller-milkiya\/\" target=\"_self\" style=\"color: #ffffff;background-color: #dd3334;border-color: rgba(0,0,0,0.01)\" class=\"mkdf-btn mkdf-btn-large mkdf-btn-solid mkdf-btn-custom-hover-bg mkdf-btn-custom-border-hover mkdf-btn-custom-hover-color\" data-hover-color=\"#ffffff\" data-hover-bg-color=\"#e37879\" data-hover-border-color=\"rgba(0,0,0,0.01)\" >\n    <span class=\"mkdf-btn-text\">Find a sponsor<\/span>\n    <\/a><a itemprop=\"url\" href=\"\/contactez-milkiya\/\" target=\"_self\" style=\"color: #ffffff;background-color: #e37879\" class=\"mkdf-btn mkdf-btn-large mkdf-btn-solid mkdf-btn-custom-hover-bg mkdf-btn-custom-hover-color\" data-hover-color=\"#ffffff\" data-hover-bg-color=\"#dd3334\" >\n    <span class=\"mkdf-btn-text\">Contact Milkiya<\/span>\n    <\/a><\/div><\/div><\/div><\/div><\/div><\/div><\/div><\/div><\/div><\/div>","protected":false},"excerpt":{"rendered":"Rejoindre le premier r\u00e9seau d\u2019agents mandataires immobiliers au Maroc Milkiya apporte au Maroc un concept novateur pour faire de l\u2019immobilier diff\u00e9remment. S\u2019appuyant sur la force du r\u00e9seau, il offre \u00e0 ses agents mandataires la possibilit\u00e9 de travailler en toute autonomie, sans jamais \u00eatre seul ! [...]","protected":false},"author":52,"featured_media":0,"parent":0,"menu_order":0,"comment_status":"closed","ping_status":"closed","template":"","meta":{"_acf_changed":false,"_lmt_disableupdate":"","_lmt_disable":"","_monsterinsights_skip_tracking":false,"_monsterinsights_sitenote_active":false,"_monsterinsights_sitenote_note":"","_monsterinsights_sitenote_category":0,"footnotes":""},"class_list":["post-9081","page","type-page","status-publish","hentry"],"acf":[],"yoast_head":"<!-- This site is optimized with the Yoast SEO plugin v24.0 - https:\/\/yoast.com\/wordpress\/plugins\/seo\/ -->\n<title>Rejoindre Milkiya - Milkiya<\/title>\n<meta name=\"robots\" content=\"index, follow, max-snippet:-1, max-image-preview:large, max-video-preview:-1\" \/>\n<link rel=\"canonical\" href=\"https:\/\/demo.milkiya.ma\/en\/rejoindre-milkiya\/\" \/>\n<meta property=\"og:locale\" content=\"en_GB\" \/>\n<meta property=\"og:type\" content=\"article\" \/>\n<meta property=\"og:title\" content=\"Rejoindre Milkiya - Milkiya\" \/>\n<meta property=\"og:url\" content=\"https:\/\/demo.milkiya.ma\/en\/rejoindre-milkiya\/\" \/>\n<meta property=\"og:site_name\" content=\"Milkiya\" \/>\n<meta property=\"article:publisher\" content=\"https:\/\/www.facebook.com\/MILKIYA.officiel\/\" \/>\n<meta property=\"article:modified_time\" content=\"2024-01-11T16:45:49+00:00\" \/>\n<meta name=\"twitter:card\" content=\"summary_large_image\" \/>\n<meta name=\"twitter:site\" content=\"@Milkiya22\" \/>\n<meta name=\"twitter:label1\" content=\"Estimated reading time\" \/>\n\t<meta name=\"twitter:data1\" content=\"5 minutes\" \/>\n<script type=\"application\/ld+json\" class=\"yoast-schema-graph\">{\"@context\":\"https:\/\/schema.org\",\"@graph\":[{\"@type\":\"WebPage\",\"@id\":\"https:\/\/demo.milkiya.ma\/rejoindre-milkiya\/\",\"url\":\"https:\/\/demo.milkiya.ma\/rejoindre-milkiya\/\",\"name\":\"Rejoindre Milkiya - Milkiya\",\"isPartOf\":{\"@id\":\"https:\/\/demo.milkiya.ma\/fr_fr\/#website\"},\"datePublished\":\"2023-12-27T14:31:17+00:00\",\"dateModified\":\"2024-01-11T16:45:49+00:00\",\"breadcrumb\":{\"@id\":\"https:\/\/demo.milkiya.ma\/rejoindre-milkiya\/#breadcrumb\"},\"inLanguage\":\"en-GB\",\"potentialAction\":[{\"@type\":\"ReadAction\",\"target\":[\"https:\/\/demo.milkiya.ma\/rejoindre-milkiya\/\"]}]},{\"@type\":\"BreadcrumbList\",\"@id\":\"https:\/\/demo.milkiya.ma\/rejoindre-milkiya\/#breadcrumb\",\"itemListElement\":[{\"@type\":\"ListItem\",\"position\":1,\"name\":\"Home\",\"item\":\"https:\/\/demo.milkiya.ma\/\"},{\"@type\":\"ListItem\",\"position\":2,\"name\":\"Rejoindre Milkiya\"}]},{\"@type\":\"WebSite\",\"@id\":\"https:\/\/demo.milkiya.ma\/fr_fr\/#website\",\"url\":\"https:\/\/demo.milkiya.ma\/fr_fr\/\",\"name\":\"Milkiya\",\"description\":\"Premier r\u00e9seau de mandataires immobilier au Maroc\",\"publisher\":{\"@id\":\"https:\/\/demo.milkiya.ma\/fr_fr\/#organization\"},\"potentialAction\":[{\"@type\":\"SearchAction\",\"target\":{\"@type\":\"EntryPoint\",\"urlTemplate\":\"https:\/\/demo.milkiya.ma\/fr_fr\/?s={search_term_string}\"},\"query-input\":{\"@type\":\"PropertyValueSpecification\",\"valueRequired\":true,\"valueName\":\"search_term_string\"}}],\"inLanguage\":\"en-GB\"},{\"@type\":\"Organization\",\"@id\":\"https:\/\/demo.milkiya.ma\/fr_fr\/#organization\",\"name\":\"MILKIYA\",\"url\":\"https:\/\/demo.milkiya.ma\/fr_fr\/\",\"logo\":{\"@type\":\"ImageObject\",\"inLanguage\":\"en-GB\",\"@id\":\"https:\/\/demo.milkiya.ma\/fr_fr\/#\/schema\/logo\/image\/\",\"url\":\"https:\/\/www.milkiya.ma\/wp-content\/uploads\/2022\/08\/logo-milkiya-wrb.webp\",\"contentUrl\":\"https:\/\/www.milkiya.ma\/wp-content\/uploads\/2022\/08\/logo-milkiya-wrb.webp\",\"width\":1440,\"height\":675,\"caption\":\"MILKIYA\"},\"image\":{\"@id\":\"https:\/\/demo.milkiya.ma\/fr_fr\/#\/schema\/logo\/image\/\"},\"sameAs\":[\"https:\/\/www.facebook.com\/MILKIYA.officiel\/\",\"https:\/\/x.com\/Milkiya22\",\"https:\/\/www.instagram.com\/milkiya.officiel\/\",\"https:\/\/www.linkedin.com\/company\/milkiya\/\"]}]}<\/script>\n<!-- \/ Yoast SEO plugin. -->","yoast_head_json":{"title":"Rejoindre Milkiya - Milkiya","robots":{"index":"index","follow":"follow","max-snippet":"max-snippet:-1","max-image-preview":"max-image-preview:large","max-video-preview":"max-video-preview:-1"},"canonical":"https:\/\/demo.milkiya.ma\/en\/rejoindre-milkiya\/","og_locale":"en_GB","og_type":"article","og_title":"Rejoindre Milkiya - Milkiya","og_url":"https:\/\/demo.milkiya.ma\/en\/rejoindre-milkiya\/","og_site_name":"Milkiya","article_publisher":"https:\/\/www.facebook.com\/MILKIYA.officiel\/","article_modified_time":"2024-01-11T16:45:49+00:00","twitter_card":"summary_large_image","twitter_site":"@Milkiya22","twitter_misc":{"Estimated reading time":"5 minutes"},"schema":{"@context":"https:\/\/schema.org","@graph":[{"@type":"WebPage","@id":"https:\/\/demo.milkiya.ma\/rejoindre-milkiya\/","url":"https:\/\/demo.milkiya.ma\/rejoindre-milkiya\/","name":"Rejoindre Milkiya - Milkiya","isPartOf":{"@id":"https:\/\/demo.milkiya.ma\/fr_fr\/#website"},"datePublished":"2023-12-27T14:31:17+00:00","dateModified":"2024-01-11T16:45:49+00:00","breadcrumb":{"@id":"https:\/\/demo.milkiya.ma\/rejoindre-milkiya\/#breadcrumb"},"inLanguage":"en-GB","potentialAction":[{"@type":"ReadAction","target":["https:\/\/demo.milkiya.ma\/rejoindre-milkiya\/"]}]},{"@type":"BreadcrumbList","@id":"https:\/\/demo.milkiya.ma\/rejoindre-milkiya\/#breadcrumb","itemListElement":[{"@type":"ListItem","position":1,"name":"Home","item":"https:\/\/demo.milkiya.ma\/"},{"@type":"ListItem","position":2,"name":"Rejoindre Milkiya"}]},{"@type":"WebSite","@id":"https:\/\/demo.milkiya.ma\/fr_fr\/#website","url":"https:\/\/demo.milkiya.ma\/fr_fr\/","name":"Milkiya","description":"Premier r\u00e9seau de mandataires immobilier au Maroc","publisher":{"@id":"https:\/\/demo.milkiya.ma\/fr_fr\/#organization"},"potentialAction":[{"@type":"SearchAction","target":{"@type":"EntryPoint","urlTemplate":"https:\/\/demo.milkiya.ma\/fr_fr\/?s={search_term_string}"},"query-input":{"@type":"PropertyValueSpecification","valueRequired":true,"valueName":"search_term_string"}}],"inLanguage":"en-GB"},{"@type":"Organization","@id":"https:\/\/demo.milkiya.ma\/fr_fr\/#organization","name":"MILKIYA","url":"https:\/\/demo.milkiya.ma\/fr_fr\/","logo":{"@type":"ImageObject","inLanguage":"en-GB","@id":"https:\/\/demo.milkiya.ma\/fr_fr\/#\/schema\/logo\/image\/","url":"https:\/\/www.milkiya.ma\/wp-content\/uploads\/2022\/08\/logo-milkiya-wrb.webp","contentUrl":"https:\/\/www.milkiya.ma\/wp-content\/uploads\/2022\/08\/logo-milkiya-wrb.webp","width":1440,"height":675,"caption":"MILKIYA"},"image":{"@id":"https:\/\/demo.milkiya.ma\/fr_fr\/#\/schema\/logo\/image\/"},"sameAs":["https:\/\/www.facebook.com\/MILKIYA.officiel\/","https:\/\/x.com\/Milkiya22","https:\/\/www.instagram.com\/milkiya.officiel\/","https:\/\/www.linkedin.com\/company\/milkiya\/"]}]}},"_links":{"self":[{"href":"https:\/\/demo.milkiya.ma\/en\/wp-json\/wp\/v2\/pages\/9081","targetHints":{"allow":["GET"]}}],"collection":[{"href":"https:\/\/demo.milkiya.ma\/en\/wp-json\/wp\/v2\/pages"}],"about":[{"href":"https:\/\/demo.milkiya.ma\/en\/wp-json\/wp\/v2\/types\/page"}],"author":[{"embeddable":true,"href":"https:\/\/demo.milkiya.ma\/en\/wp-json\/wp\/v2\/users\/52"}],"replies":[{"embeddable":true,"href":"https:\/\/demo.milkiya.ma\/en\/wp-json\/wp\/v2\/comments?post=9081"}],"version-history":[{"count":7,"href":"https:\/\/demo.milkiya.ma\/en\/wp-json\/wp\/v2\/pages\/9081\/revisions"}],"predecessor-version":[{"id":9140,"href":"https:\/\/demo.milkiya.ma\/en\/wp-json\/wp\/v2\/pages\/9081\/revisions\/9140"}],"wp:attachment":[{"href":"https:\/\/demo.milkiya.ma\/en\/wp-json\/wp\/v2\/media?parent=9081"}],"curies":[{"name":"wp","href":"https:\/\/api.w.org\/{rel}","templated":true}]}}