{"id":9081,"date":"2023-12-27T15:31:17","date_gmt":"2023-12-27T14:31:17","guid":{"rendered":"https:\/\/demo.milkiya.ma\/?page_id=9081"},"modified":"2024-01-11T17:45:49","modified_gmt":"2024-01-11T16:45:49","slug":"rejoindre-milkiya","status":"publish","type":"page","link":"https:\/\/demo.milkiya.ma\/ar\/rejoindre-milkiya\/","title":{"rendered":"\u0627\u0646\u0636\u0645 \u0625\u0644\u0649 \u0645\u0644\u0643\u064a\u0629"},"content":{"rendered":"<div class=\"vc_row wpb_row vc_row-fluid section-apropos-header\" ><div class=\"wpb_column vc_column_container vc_col-sm-12\"><div class=\"vc_column-inner\"><div class=\"wpb_wrapper\"><div class=\"mkdf-section-title-holder  mkdf-st-standard mkdf-st-title-center mkdf-st-normal-space\" style=\"text-align: center\">\n\t<div class=\"mkdf-st-inner\">\n\t\t\t\t\t<h1 class=\"mkdf-st-title\" style=\"color: #dd3334\">\n\t\t\t\t\u0627\u0646\u0636\u0645 \u0625\u0644\u0649 \u0623\u0648\u0644 \u0634\u0628\u0643\u0629 \u0644\u0644\u0648\u0643\u0644\u0627\u0621 \u0627\u0644\u0639\u0642\u0627\u0631\u064a\u064a\u0646 \u0641\u064a \u0627\u0644\u0645\u063a\u0631\u0628\t\t\t<\/h1>\n\t\t\t\t\t<\/div>\n<\/div><div class=\"vc_empty_space\"   style=\"height: 75px\"><span class=\"vc_empty_space_inner\"><\/span><\/div>\n\t<div  class=\"wpb_single_image wpb_content_element vc_align_center\">\n\t\t\n\t\t<figure class=\"wpb_wrapper vc_figure\">\n\t\t\t<div class=\"vc_single_image-wrapper   vc_box_border_grey\"><img loading=\"lazy\" decoding=\"async\" width=\"1288\" height=\"500\" src=\"https:\/\/demo.milkiya.ma\/wp-content\/uploads\/2023\/12\/reseau-agents-milkiya.jpg\" class=\"vc_single_image-img attachment-full\" alt=\"reseau agents milkiya\" title=\"reseau agents milkiya\" \/><\/div>\n\t\t<\/figure>\n\t<\/div>\n\n\t<div class=\"wpb_text_column wpb_content_element  text-apropos-header\" >\n\t\t<div class=\"wpb_wrapper\">\n\t\t\t<p><span style=\"font-weight: 400; color: #000000;\">\u062a\u0642\u062f\u0645 \"Milkiya\" \u0625\u0644\u0649 \u0627\u0644\u0645\u063a\u0631\u0628 \u0645\u0641\u0647\u0648\u0645\u0627 \u0645\u0628\u062a\u0643\u0631\u0627 \u0644\u0644\u0642\u064a\u0627\u0645 \u0628\u0627\u0644\u0639\u0642\u0627\u0631\u0627\u062a \u0628\u0634\u0643\u0644 \u0645\u062e\u062a\u0644\u0641. \u0648\u0628\u0627\u0644\u0627\u0639\u062a\u0645\u0627\u062f \u0639\u0644\u0649 \u0642\u0648\u0629 \u0627\u0644\u0634\u0628\u0643\u0629\u060c \u0641\u0625\u0646\u0647\u0627 \u062a\u0648\u0641\u0631 \u0644\u0639\u0645\u0644\u0627\u0626\u0647\u0627 \u0625\u0645\u0643\u0627\u0646\u064a\u0629 \u0627\u0644\u0639\u0645\u0644 \u0628\u0627\u0633\u062a\u0642\u0644\u0627\u0644\u064a\u0629 \u0643\u0627\u0645\u0644\u0629\u060c \u062f\u0648\u0646 \u0623\u0646 \u064a\u0643\u0648\u0646\u0648\u0627 \u0628\u0645\u0641\u0631\u062f\u0647\u0645 \u0623\u0628\u062f\u064b\u0627! \u0627\u0644\u0627\u0646\u0636\u0645\u0627\u0645 \u0625\u0644\u0649 \u0634\u0628\u0643\u0629 Milkiya \u064a\u0639\u0646\u064a \u0627\u0644\u0627\u0646\u0636\u0645\u0627\u0645 \u0625\u0644\u0649 \u062f\u0627\u0626\u0631\u0629 \u0645\u0646 \u0627\u0644\u0623\u0635\u062f\u0642\u0627\u0621 \u0648\u0627\u0644\u0627\u0633\u062a\u0641\u0627\u062f\u0629 \u0645\u0646 \u0627\u0644\u0645\u0632\u0627\u064a\u0627 \u0627\u0644\u0645\u062a\u0639\u062f\u062f\u0629. \u0648\u0647\u0630\u0627 \u0628\u0647\u062f\u0641 \u0645\u0634\u062a\u0631\u0643: \u062c\u0639\u0644 \u062c\u0645\u064a\u0639 \u0627\u0644\u0645\u0634\u0627\u0631\u064a\u0639 \u0627\u0644\u0639\u0642\u0627\u0631\u064a\u0629 \u0644\u0639\u0645\u0644\u0627\u0626\u0646\u0627 \u062a\u062c\u0631\u0628\u0629 \u0631\u0627\u0626\u0639\u0629.<\/span><\/p>\n\n\t\t<\/div>\n\t<\/div>\n<\/div><\/div><\/div><\/div><section data-vc-full-width=\"true\" data-vc-full-width-init=\"false\" data-vc-stretch-content=\"true\" class=\"vc_section section-apropos-service section-rejoindre vc_custom_1703688284373 vc_section-has-fill\"><div class=\"mkdf-row-grid-section-wrapper\"  ><div class=\"mkdf-row-grid-section\"><div class=\"vc_row wpb_row vc_row-fluid vc_row-o-content-middle vc_row-flex\" ><div class=\"wpb_column vc_column_container vc_col-sm-12\"><div class=\"vc_column-inner\"><div class=\"wpb_wrapper\"><div class=\"mkdf-section-title-holder  mkdf-st-standard mkdf-st-title-center mkdf-st-normal-space\" style=\"text-align: center\">\n\t<div class=\"mkdf-st-inner\">\n\t\t\t\t\t<h2 class=\"mkdf-st-title\" style=\"color: #000000\">\n\t\t\t\t\u0623\u0636\u0641 \u0628\u064f\u0639\u062f\u064b\u0627 \u062c\u062f\u064a\u062f\u064b\u0627 \u0644\u0645\u0633\u0627\u0631\u0643 \u0627\u0644\u0645\u0647\u0646\u064a.\t\t\t<\/h2>\n\t\t\t\t\t<\/div>\n<\/div>\n\t<div class=\"wpb_text_column wpb_content_element\" >\n\t\t<div class=\"wpb_wrapper\">\n\t\t\t<p><span style=\"font-weight: 400; color: #000000;\">\u0627\u0644\u0627\u0646\u0636\u0645\u0627\u0645 \u0625\u0644\u0649 MILKIYA \u064a\u0639\u0646\u064a \u0627\u0644\u0627\u0644\u062a\u0632\u0627\u0645 \u0628\u0645\u0641\u0647\u0648\u0645 \u062c\u062f\u064a\u062f \u0623\u0643\u062b\u0631 \u0625\u0646\u0633\u0627\u0646\u064a\u0629 \u0648\u0623\u0643\u062b\u0631 \u0627\u062a\u062d\u0627\u062f\u064b\u0627\u060c \u062d\u064a\u062b \u062a\u062a\u0645 \u0645\u0643\u0627\u0641\u0623\u0629 \u062c\u0647\u0648\u062f \u0627\u0644\u062c\u0645\u064a\u0639. \u0646\u0645\u0648\u0630\u062c \u064a\u062a\u064a\u062d \u0644\u0644\u062c\u0645\u064a\u0639 \u0623\u0646 \u064a\u0643\u0648\u0646\u0648\u0627 \u0641\u0627\u0626\u0632\u064a\u0646\u060c \u0633\u0648\u0627\u0621 \u0643\u0646\u062a \u0645\u0634\u062a\u0631\u064a\u064b\u0627 \u0623\u0648 \u0628\u0627\u0626\u0639\u064b\u0627 \u0623\u0648 \u0645\u0642\u062f\u0645 \u0623\u0639\u0645\u0627\u0644 \u0623\u0648 \u0648\u0643\u064a\u0644 \u0639\u0642\u0627\u0631\u0627\u062a.<\/span><br \/>\n<span style=\"font-weight: 400; color: #000000;\">\u0628\u0634\u0643\u0644 \u0645\u0644\u0645\u0648\u0633\u060c \u0643\u0648\u0643\u064a\u0644\u060c \u0647\u0630\u0627 \u064a\u0639\u0646\u064a \u0628\u0627\u0644\u0646\u0633\u0628\u0629 \u0644\u0643:<\/span><\/p>\n<ul>\n<li style=\"font-weight: 400;\" aria-level=\"1\"><span style=\"font-weight: 400; color: #000000;\"><strong>\u0641\u0631\u0635 \u0639\u0645\u0644 \u062c\u062f\u064a\u062f\u0629:<\/strong> \u0625\u0646 \u0642\u0648\u0629 \u0627\u0644\u0634\u0628\u0643\u0629 \u0625\u0644\u0649 \u062c\u0627\u0646\u0628 \u062e\u0637\u0629 \u062c\u0630\u0628 \u0627\u0644\u0639\u0645\u0644\u0627\u0621 \u0627\u0644\u0645\u062f\u0631\u0648\u0633\u0629 \u062c\u064a\u062f\u064b\u0627 \u062a\u062c\u0639\u0644 \u0645\u0646 \u0627\u0644\u0645\u0645\u0643\u0646 \u0632\u064a\u0627\u062f\u0629 \u0625\u0645\u0643\u0627\u0646\u0627\u062a \u0627\u0644\u0641\u0631\u0635 \u0627\u0644\u0639\u0642\u0627\u0631\u064a\u0629 \u0639\u0634\u0631\u0629 \u0623\u0636\u0639\u0627\u0641.<\/span><\/li>\n<li style=\"font-weight: 400;\" aria-level=\"1\"><span style=\"font-weight: 400; color: #000000;\"><strong>\u0645\u0635\u0627\u062f\u0631 \u0645\u062a\u0639\u062f\u062f\u0629 \u0644\u0644\u0623\u0631\u0628\u0627\u062d:<\/strong> \u0642\u0645 \u0628\u0632\u064a\u0627\u062f\u0629 \u062f\u062e\u0644\u0643 \u0645\u0646 \u062e\u0644\u0627\u0644 \u0631\u0639\u0627\u064a\u0629 \u0648\u062a\u062f\u0631\u064a\u0628 \u0648\u0643\u0644\u0627\u0621 \u062c\u062f\u062f\u060c \u0623\u0648 \u0627\u0643\u062a\u0634\u0627\u0641 \u0627\u0644\u0645\u0634\u0627\u0631\u064a\u0639 \u0644\u0634\u0631\u0643\u0627\u0626\u0646\u0627\u060c \u0623\u0648 \u062a\u0642\u062f\u064a\u0645 \u0627\u0644\u0645\u0634\u0627\u0631\u064a\u0639 \u0625\u0644\u0649 AMIs \u0627\u0644\u0623\u062e\u0631\u0649.<\/span><\/li>\n<li style=\"font-weight: 400;\" aria-level=\"1\"><span style=\"font-weight: 400; color: #000000;\"><strong>\u0639\u0644\u0627\u0645\u0629 \u062a\u062c\u0627\u0631\u064a\u0629 \u0642\u0648\u064a\u0629 \u062a\u062a\u0637\u0648\u0631:<\/strong> \u0627\u0633\u062a\u0641\u062f \u0645\u0646 \u0634\u0647\u0631\u0629 Milkiya \u0648\u0635\u0648\u0631\u0629 \u0639\u0644\u0627\u0645\u062a\u0647\u0627 \u0627\u0644\u062a\u062c\u0627\u0631\u064a\u0629. \u0627\u0643\u062a\u0633\u0627\u0628 \u0627\u0644\u0631\u0624\u064a\u0629 \u0645\u0646 \u062e\u0644\u0627\u0644 \u0625\u062c\u0631\u0627\u0621\u0627\u062a \u0627\u0644\u0627\u062a\u0635\u0627\u0644 \u0648\u0627\u0644\u062a\u0631\u0648\u064a\u062c.<\/span><\/li>\n<li style=\"font-weight: 400;\" aria-level=\"1\"><span style=\"font-weight: 400; color: #000000;\"><strong>\u0627\u0644\u062a\u062f\u0631\u064a\u0628 \u0639\u0644\u0649 \u0645\u062f\u0627\u0631 \u0627\u0644\u0639\u0627\u0645:<\/strong> \u0627\u0633\u062a\u0641\u062f \u0645\u0646 \u0627\u0644\u062f\u0648\u0631\u0627\u062a \u0627\u0644\u062a\u062f\u0631\u064a\u0628\u064a\u0629 \u062d\u0648\u0644 \u0645\u0648\u0627\u0636\u064a\u0639 \u0645\u062e\u062a\u0644\u0641\u0629 \u0644\u0625\u0643\u0645\u0627\u0644 \u0635\u0646\u062f\u0648\u0642 \u0627\u0644\u0623\u062f\u0648\u0627\u062a \u0627\u0644\u062e\u0627\u0635 \u0628\u0643 \u0648\u062a\u0639\u0632\u064a\u0632 \u0645\u0647\u0627\u0631\u0627\u062a\u0643.<\/span><\/li>\n<li style=\"font-weight: 400;\" aria-level=\"1\"><span style=\"font-weight: 400; color: #000000;\"><strong>\u0623\u062f\u0648\u0627\u062a \u0645\u0646 \u0627\u0644\u062c\u064a\u0644 \u0627\u0644\u062d\u062f\u064a\u062b:<\/strong> \u0642\u0645 \u0628\u0627\u0644\u0648\u0635\u0648\u0644 \u0625\u0644\u0649 \u062a\u0637\u0628\u064a\u0642 Milkiya \u0645\u0646 \u0647\u0627\u062a\u0641\u0643 \u0627\u0644\u0630\u0643\u064a: \u062c\u0645\u064a\u0639 \u0627\u0644\u0623\u062f\u0648\u0627\u062a \u0627\u0644\u0623\u0633\u0627\u0633\u064a\u0629 \u0641\u064a \u0645\u062a\u0646\u0627\u0648\u0644 \u064a\u062f\u0643 \u0641\u064a \u0623\u064a \u0648\u0642\u062a.<\/span><\/li>\n<\/ul>\n\n\t\t<\/div>\n\t<\/div>\n<div class=\"vc_empty_space\"   style=\"height: 78px\"><span class=\"vc_empty_space_inner\"><\/span><\/div><\/div><\/div><\/div><\/div><\/div><\/div><\/section><div class=\"vc_row-full-width vc_clearfix\"><\/div><div class=\"mkdf-row-grid-section-wrapper mkdf-content-aligment-center\"  ><div class=\"mkdf-row-grid-section\"><div id=\"section-amis\" class=\"vc_row wpb_row vc_row-fluid rejoindre-ami vc_custom_1703688637844\" ><div class=\"wpb_column vc_column_container vc_col-sm-12\"><div class=\"vc_column-inner\"><div class=\"wpb_wrapper\"><div class=\"vc_row wpb_row vc_inner vc_row-fluid\" ><div class=\"wpb_column vc_column_container vc_col-sm-12\"><div class=\"vc_column-inner\"><div class=\"wpb_wrapper\"><div class=\"mkdf-section-title-holder  mkdf-st-standard mkdf-st-title-center mkdf-st-normal-space\" style=\"text-align: center\">\n\t<div class=\"mkdf-st-inner\">\n\t\t\t\t\t<h2 class=\"mkdf-st-title\" style=\"color: #000000\">\n\t\t\t\t\u0643\u064a\u0641\u064a\u0629 \u0627\u0644\u0627\u0646\u0636\u0645\u0627\u0645 \u0625\u0644\u0649 \u0634\u0628\u0643\u0629 AMIs MILKIYA\u061f\t\t\t<\/h2>\n\t\t\t\t\t<\/div>\n<\/div><\/div><\/div><\/div><\/div><div class=\"vc_row wpb_row vc_inner vc_row-fluid vc_custom_1703071019357 mkdf-content-aligment-left\" ><div class=\"wpb_column vc_column_container vc_col-sm-12\"><div class=\"vc_column-inner\"><div class=\"wpb_wrapper\">\n\t<div class=\"wpb_text_column wpb_content_element\" >\n\t\t<div class=\"wpb_wrapper\">\n\t\t\t<div id=\"TheTexte\" class=\"Texte\" lang=\"zxx\">\n<p><span style=\"font-weight: 400; color: #000000;\">Milkiya \u0644\u064a\u0633\u062a \u0645\u062c\u0631\u062f \u0648\u0643\u0627\u0644\u0629 \u0639\u0642\u0627\u0631\u064a\u0629. \u064a\u0639\u062a\u0645\u062f \u0645\u0641\u0647\u0648\u0645\u0646\u0627 \u0639\u0644\u0649 \u0625\u0646\u0634\u0627\u0621 \u0634\u0628\u0643\u0629 \u0645\u0646 \u062e\u0628\u0631\u0627\u0621 \u0627\u0644\u0639\u0642\u0627\u0631\u0627\u062a \u0639\u0644\u0649 \u0627\u0644\u0645\u0633\u062a\u0648\u0649 \u0627\u0644\u0648\u0637\u0646\u064a. \u064a\u062a\u0645 \u0627\u062e\u062a\u064a\u0627\u0631 AMIs (\u0648\u0643\u0644\u0627\u0621 \u0627\u0644\u0639\u0642\u0627\u0631\u0627\u062a) \u0627\u0644\u0645\u0633\u062a\u0642\u0628\u0644\u064a\u064a\u0646 \u0644\u062f\u064a\u0646\u0627 \u0628\u062f\u0642\u0629 \u0644\u0645\u0647\u0627\u0631\u0627\u062a\u0647\u0645 \u0627\u0644\u0645\u0647\u0646\u064a\u0629\u060c \u0648\u0644\u0643\u0646 \u0623\u064a\u0636\u064b\u0627 \u0644\u0642\u064a\u0645\u0647\u0645 \u0627\u0644\u0625\u0646\u0633\u0627\u0646\u064a\u0629. \u0647\u0644 \u062a\u0631\u063a\u0628 \u0641\u064a \u0627\u0644\u0627\u0646\u0636\u0645\u0627\u0645 \u0625\u0644\u0649 \u0645\u063a\u0627\u0645\u0631\u0629 \u0645\u062b\u064a\u0631\u0629\u061f \u0627\u062a\u0628\u0639 \u0627\u0644\u062f\u0644\u064a\u0644 !<\/span><\/div>\n\n\t\t<\/div>\n\t<\/div>\n<\/div><\/div><\/div><\/div><div class=\"mkdf-row-grid-section-wrapper mkdf-content-aligment-center\" ><div class=\"mkdf-row-grid-section\"><div class=\"vc_row wpb_row vc_inner vc_row-fluid\" ><div class=\"apropos-block-icon block-icon-rejoindre wpb_column vc_column_container vc_col-sm-12\"><div class=\"vc_column-inner\"><div class=\"wpb_wrapper\"><div class=\"mkdf-section-title-holder  mkdf-st-standard mkdf-st-title-center mkdf-st-normal-space\" style=\"text-align: center\">\n\t<div class=\"mkdf-st-inner\">\n\t\t\t\t\t<h4 class=\"mkdf-st-title\" style=\"color: #dd3334\">\n\t\t\t\t1.\t\t\t<\/h4>\n\t\t\t\t\t<\/div>\n<\/div><div class=\"mkdf-section-title-holder  mkdf-st-standard mkdf-st-title-center mkdf-st-normal-space\" style=\"text-align: center\">\n\t<div class=\"mkdf-st-inner\">\n\t\t\t\t\t<h5 class=\"mkdf-st-title\" style=\"color: #000000\">\n\t\t\t\t\u062a\u062d\u062f\u064a\u062f \u0627\u0644\u0631\u0627\u0639\u064a\t\t\t<\/h5>\n\t\t\t\t\t<\/div>\n<\/div>\n\t<div class=\"wpb_text_column wpb_content_element\" >\n\t\t<div class=\"wpb_wrapper\">\n\t\t\t<p style=\"text-align: center;\"><span style=\"color: #000000;\"><span style=\"font-weight: 400;\">\u0639\u0644\u0649 \u062f\u0644\u064a\u0644\u0646\u0627 <\/span><a href=\"\/trouver-un-conseiller-milkiya\/\"><span style=\"font-weight: 400;\">\u0648\u0643\u0644\u0627\u0621 \u0639\u0628\u0631 \u0627\u0644\u0625\u0646\u062a\u0631\u0646\u062a <\/span><\/a><span style=\"font-weight: 400;\">\u060c \u0641\u064a \u0634\u0628\u0643\u062a\u0643 \u0627\u0644\u0634\u062e\u0635\u064a\u0629 \u0623\u0648 \u0627\u0644\u0645\u0647\u0646\u064a\u0629\u060c \u0623\u0648 \u062d\u062a\u0649 <\/span><span style=\"font-weight: 400;\">\u0645\u0639 <a href=\"\/contact\">\u0645\u0633\u0627\u0639\u062f\u0629 \u0645\u0646 \u0641\u0631\u064a\u0642\u0646\u0627<\/a><\/span><span style=\"font-weight: 400;\">.<\/span><\/span><\/p>\n\n\t\t<\/div>\n\t<\/div>\n<div class=\"mkdf-section-title-holder  mkdf-st-standard mkdf-st-title-center mkdf-st-normal-space\" style=\"text-align: center\">\n\t<div class=\"mkdf-st-inner\">\n\t\t\t\t\t<h4 class=\"mkdf-st-title\" style=\"color: #dd3334\">\n\t\t\t\t2.\t\t\t<\/h4>\n\t\t\t\t\t<\/div>\n<\/div><div class=\"mkdf-section-title-holder  mkdf-st-standard mkdf-st-title-center mkdf-st-normal-space\" style=\"text-align: center\">\n\t<div class=\"mkdf-st-inner\">\n\t\t\t\t\t<h5 class=\"mkdf-st-title\" style=\"color: #000000\">\n\t\t\t\t\u0627\u0643\u062a\u0634\u0641 \u0639\u0627\u0644\u0645 Milkiya\t\t\t<\/h5>\n\t\t\t\t\t<\/div>\n<\/div>\n\t<div class=\"wpb_text_column wpb_content_element\" >\n\t\t<div class=\"wpb_wrapper\">\n\t\t\t<p style=\"text-align: center;\"><span style=\"font-weight: 400; color: #000000;\">\u0645\u0646 \u062e\u0644\u0627\u0644 \u062c\u0644\u0633\u0629 \u0639\u0631\u0636 \u062a\u0642\u062f\u064a\u0645\u064a \u0648\u0645\u0642\u0627\u0628\u0644\u0627\u062a \u0645\u0639 \u0627\u0644\u0631\u0627\u0639\u064a \u0627\u0644\u062e\u0627\u0635 \u0628\u0643 \u0648\u0641\u0631\u064a\u0642 \u0627\u0644\u0625\u062f\u0627\u0631\u0629.<\/span><\/p>\n\n\t\t<\/div>\n\t<\/div>\n<div class=\"mkdf-section-title-holder  mkdf-st-standard mkdf-st-title-center mkdf-st-normal-space\" style=\"text-align: center\">\n\t<div class=\"mkdf-st-inner\">\n\t\t\t\t\t<h4 class=\"mkdf-st-title\" style=\"color: #dd3334\">\n\t\t\t\t3.\t\t\t<\/h4>\n\t\t\t\t\t<\/div>\n<\/div><div class=\"mkdf-section-title-holder  mkdf-st-standard mkdf-st-title-center mkdf-st-normal-space\" style=\"text-align: center\">\n\t<div class=\"mkdf-st-inner\">\n\t\t\t\t\t<h5 class=\"mkdf-st-title\" style=\"color: #000000\">\n\t\t\t\t\u0623\u0631\u0633\u0644 \u0627\u0644\u0645\u0644\u0641 \u0627\u0644\u062e\u0627\u0635 \u0628\u0643\t\t\t<\/h5>\n\t\t\t\t\t<\/div>\n<\/div>\n\t<div class=\"wpb_text_column wpb_content_element\" >\n\t\t<div class=\"wpb_wrapper\">\n\t\t\t<p style=\"text-align: center;\"><span style=\"font-weight: 400; color: #000000;\">\u0628\u0645\u0633\u0627\u0639\u062f\u0629 \u0648\u062f\u0639\u0645 \u0627\u0644\u0631\u0627\u0639\u064a \u0627\u0644\u062e\u0627\u0635 \u0628\u0643.<\/span><\/p>\n\n\t\t<\/div>\n\t<\/div>\n<div class=\"mkdf-section-title-holder  mkdf-st-standard mkdf-st-title-center mkdf-st-normal-space\" style=\"text-align: center\">\n\t<div class=\"mkdf-st-inner\">\n\t\t\t\t\t<h4 class=\"mkdf-st-title\" style=\"color: #dd3334\">\n\t\t\t\t4.\t\t\t<\/h4>\n\t\t\t\t\t<\/div>\n<\/div><div class=\"mkdf-section-title-holder  mkdf-st-standard mkdf-st-title-center mkdf-st-normal-space\" style=\"text-align: center\">\n\t<div class=\"mkdf-st-inner\">\n\t\t\t\t\t<h5 class=\"mkdf-st-title\" style=\"color: #000000\">\n\t\t\t\t\u0627\u0628\u062f\u0623 \u0627\u0644\u0645\u063a\u0627\u0645\u0631\u0629\t\t\t<\/h5>\n\t\t\t\t\t<\/div>\n<\/div>\n\t<div class=\"wpb_text_column wpb_content_element\" >\n\t\t<div class=\"wpb_wrapper\">\n\t\t\t<p style=\"text-align: center;\"><span style=\"font-weight: 400; color: #000000;\">\u062a\u0648\u0642\u064a\u0639 \u0639\u0642\u062f \u0627\u0644\u0631\u0639\u0627\u064a\u0629 \u0627\u0644\u062e\u0627\u0635 \u0628\u0643 \u0645\u0645\u0627 \u064a\u062a\u064a\u062d \u0644\u0643 \u0627\u0644\u0648\u0635\u0648\u0644 \u0625\u0644\u0649 \u0645\u062c\u0645\u0648\u0639\u0629 \u0627\u0644\u0623\u062f\u0648\u0627\u062a \u0627\u0644\u062e\u0627\u0635\u0629 \u0628\u0643 \u0648\u062c\u0645\u064a\u0639 \u0645\u0648\u0627\u0631\u062f Milkiya.<\/span><\/p>\n\n\t\t<\/div>\n\t<\/div>\n<\/div><\/div><\/div><\/div><\/div><\/div><div class=\"vc_row wpb_row vc_inner vc_row-fluid\" ><div class=\"wpb_column vc_column_container vc_col-sm-12\"><div class=\"vc_column-inner\"><div class=\"wpb_wrapper\"><a itemprop=\"url\" href=\"\/trouver-un-conseiller-milkiya\/\" target=\"_self\" style=\"color: #ffffff;background-color: #dd3334;border-color: rgba(0,0,0,0.01)\" class=\"mkdf-btn mkdf-btn-large mkdf-btn-solid mkdf-btn-custom-hover-bg mkdf-btn-custom-border-hover mkdf-btn-custom-hover-color\" data-hover-color=\"#ffffff\" data-hover-bg-color=\"#e37879\" data-hover-border-color=\"rgba(0,0,0,0.01)\" >\n    <span class=\"mkdf-btn-text\">\u0627\u0644\u0639\u062b\u0648\u0631 \u0639\u0644\u0649 \u0627\u0644\u0631\u0627\u0639\u064a<\/span>\n    <\/a><a itemprop=\"url\" href=\"\/contactez-milkiya\/\" target=\"_self\" style=\"color: #ffffff;background-color: #e37879\" class=\"mkdf-btn mkdf-btn-large mkdf-btn-solid mkdf-btn-custom-hover-bg mkdf-btn-custom-hover-color\" data-hover-color=\"#ffffff\" data-hover-bg-color=\"#dd3334\" >\n    <span class=\"mkdf-btn-text\">\u062a\u0648\u0627\u0635\u0644 \u0645\u0639 Milkiya<\/span>\n    <\/a><\/div><\/div><\/div><\/div><\/div><\/div><\/div><\/div><\/div><\/div>","protected":false},"excerpt":{"rendered":"Rejoindre le premier r\u00e9seau d\u2019agents mandataires immobiliers au Maroc Milkiya apporte au Maroc un concept novateur pour faire de l\u2019immobilier diff\u00e9remment. S\u2019appuyant sur la force du r\u00e9seau, il offre \u00e0 ses agents mandataires la possibilit\u00e9 de travailler en toute autonomie, sans jamais \u00eatre seul ! [...]","protected":false},"author":52,"featured_media":0,"parent":0,"menu_order":0,"comment_status":"closed","ping_status":"closed","template":"","meta":{"_acf_changed":false,"_lmt_disableupdate":"","_lmt_disable":"","_monsterinsights_skip_tracking":false,"_monsterinsights_sitenote_active":false,"_monsterinsights_sitenote_note":"","_monsterinsights_sitenote_category":0,"footnotes":""},"class_list":["post-9081","page","type-page","status-publish","hentry"],"acf":[],"yoast_head":"<!-- This site is optimized with the Yoast SEO plugin v24.0 - https:\/\/yoast.com\/wordpress\/plugins\/seo\/ -->\n<title>Rejoindre Milkiya - Milkiya<\/title>\n<meta name=\"robots\" content=\"index, follow, max-snippet:-1, max-image-preview:large, max-video-preview:-1\" \/>\n<link rel=\"canonical\" href=\"https:\/\/demo.milkiya.ma\/ar\/rejoindre-milkiya\/\" \/>\n<meta property=\"og:locale\" content=\"ar_AR\" \/>\n<meta property=\"og:type\" content=\"article\" \/>\n<meta property=\"og:title\" content=\"Rejoindre Milkiya - Milkiya\" \/>\n<meta property=\"og:url\" content=\"https:\/\/demo.milkiya.ma\/ar\/rejoindre-milkiya\/\" \/>\n<meta property=\"og:site_name\" content=\"Milkiya\" \/>\n<meta property=\"article:publisher\" content=\"https:\/\/www.facebook.com\/MILKIYA.officiel\/\" \/>\n<meta property=\"article:modified_time\" content=\"2024-01-11T16:45:49+00:00\" \/>\n<meta name=\"twitter:card\" content=\"summary_large_image\" \/>\n<meta name=\"twitter:site\" content=\"@Milkiya22\" \/>\n<meta name=\"twitter:label1\" content=\"Est. reading time\" \/>\n\t<meta name=\"twitter:data1\" content=\"5 minutes\" \/>\n<script type=\"application\/ld+json\" class=\"yoast-schema-graph\">{\"@context\":\"https:\/\/schema.org\",\"@graph\":[{\"@type\":\"WebPage\",\"@id\":\"https:\/\/demo.milkiya.ma\/rejoindre-milkiya\/\",\"url\":\"https:\/\/demo.milkiya.ma\/rejoindre-milkiya\/\",\"name\":\"Rejoindre Milkiya - Milkiya\",\"isPartOf\":{\"@id\":\"https:\/\/demo.milkiya.ma\/fr_fr\/#website\"},\"datePublished\":\"2023-12-27T14:31:17+00:00\",\"dateModified\":\"2024-01-11T16:45:49+00:00\",\"breadcrumb\":{\"@id\":\"https:\/\/demo.milkiya.ma\/rejoindre-milkiya\/#breadcrumb\"},\"inLanguage\":\"ary\",\"potentialAction\":[{\"@type\":\"ReadAction\",\"target\":[\"https:\/\/demo.milkiya.ma\/rejoindre-milkiya\/\"]}]},{\"@type\":\"BreadcrumbList\",\"@id\":\"https:\/\/demo.milkiya.ma\/rejoindre-milkiya\/#breadcrumb\",\"itemListElement\":[{\"@type\":\"ListItem\",\"position\":1,\"name\":\"Home\",\"item\":\"https:\/\/demo.milkiya.ma\/\"},{\"@type\":\"ListItem\",\"position\":2,\"name\":\"Rejoindre Milkiya\"}]},{\"@type\":\"WebSite\",\"@id\":\"https:\/\/demo.milkiya.ma\/fr_fr\/#website\",\"url\":\"https:\/\/demo.milkiya.ma\/fr_fr\/\",\"name\":\"Milkiya\",\"description\":\"Premier r\u00e9seau de mandataires immobilier au Maroc\",\"publisher\":{\"@id\":\"https:\/\/demo.milkiya.ma\/fr_fr\/#organization\"},\"potentialAction\":[{\"@type\":\"SearchAction\",\"target\":{\"@type\":\"EntryPoint\",\"urlTemplate\":\"https:\/\/demo.milkiya.ma\/fr_fr\/?s={search_term_string}\"},\"query-input\":{\"@type\":\"PropertyValueSpecification\",\"valueRequired\":true,\"valueName\":\"search_term_string\"}}],\"inLanguage\":\"ary\"},{\"@type\":\"Organization\",\"@id\":\"https:\/\/demo.milkiya.ma\/fr_fr\/#organization\",\"name\":\"MILKIYA\",\"url\":\"https:\/\/demo.milkiya.ma\/fr_fr\/\",\"logo\":{\"@type\":\"ImageObject\",\"inLanguage\":\"ary\",\"@id\":\"https:\/\/demo.milkiya.ma\/fr_fr\/#\/schema\/logo\/image\/\",\"url\":\"https:\/\/www.milkiya.ma\/wp-content\/uploads\/2022\/08\/logo-milkiya-wrb.webp\",\"contentUrl\":\"https:\/\/www.milkiya.ma\/wp-content\/uploads\/2022\/08\/logo-milkiya-wrb.webp\",\"width\":1440,\"height\":675,\"caption\":\"MILKIYA\"},\"image\":{\"@id\":\"https:\/\/demo.milkiya.ma\/fr_fr\/#\/schema\/logo\/image\/\"},\"sameAs\":[\"https:\/\/www.facebook.com\/MILKIYA.officiel\/\",\"https:\/\/x.com\/Milkiya22\",\"https:\/\/www.instagram.com\/milkiya.officiel\/\",\"https:\/\/www.linkedin.com\/company\/milkiya\/\"]}]}<\/script>\n<!-- \/ Yoast SEO plugin. -->","yoast_head_json":{"title":"Rejoindre Milkiya - Milkiya","robots":{"index":"index","follow":"follow","max-snippet":"max-snippet:-1","max-image-preview":"max-image-preview:large","max-video-preview":"max-video-preview:-1"},"canonical":"https:\/\/demo.milkiya.ma\/ar\/rejoindre-milkiya\/","og_locale":"ar_AR","og_type":"article","og_title":"Rejoindre Milkiya - Milkiya","og_url":"https:\/\/demo.milkiya.ma\/ar\/rejoindre-milkiya\/","og_site_name":"Milkiya","article_publisher":"https:\/\/www.facebook.com\/MILKIYA.officiel\/","article_modified_time":"2024-01-11T16:45:49+00:00","twitter_card":"summary_large_image","twitter_site":"@Milkiya22","twitter_misc":{"Est. reading time":"5 minutes"},"schema":{"@context":"https:\/\/schema.org","@graph":[{"@type":"WebPage","@id":"https:\/\/demo.milkiya.ma\/rejoindre-milkiya\/","url":"https:\/\/demo.milkiya.ma\/rejoindre-milkiya\/","name":"Rejoindre Milkiya - Milkiya","isPartOf":{"@id":"https:\/\/demo.milkiya.ma\/fr_fr\/#website"},"datePublished":"2023-12-27T14:31:17+00:00","dateModified":"2024-01-11T16:45:49+00:00","breadcrumb":{"@id":"https:\/\/demo.milkiya.ma\/rejoindre-milkiya\/#breadcrumb"},"inLanguage":"ary","potentialAction":[{"@type":"ReadAction","target":["https:\/\/demo.milkiya.ma\/rejoindre-milkiya\/"]}]},{"@type":"BreadcrumbList","@id":"https:\/\/demo.milkiya.ma\/rejoindre-milkiya\/#breadcrumb","itemListElement":[{"@type":"ListItem","position":1,"name":"Home","item":"https:\/\/demo.milkiya.ma\/"},{"@type":"ListItem","position":2,"name":"Rejoindre Milkiya"}]},{"@type":"WebSite","@id":"https:\/\/demo.milkiya.ma\/fr_fr\/#website","url":"https:\/\/demo.milkiya.ma\/fr_fr\/","name":"Milkiya","description":"Premier r\u00e9seau de mandataires immobilier au Maroc","publisher":{"@id":"https:\/\/demo.milkiya.ma\/fr_fr\/#organization"},"potentialAction":[{"@type":"SearchAction","target":{"@type":"EntryPoint","urlTemplate":"https:\/\/demo.milkiya.ma\/fr_fr\/?s={search_term_string}"},"query-input":{"@type":"PropertyValueSpecification","valueRequired":true,"valueName":"search_term_string"}}],"inLanguage":"ary"},{"@type":"Organization","@id":"https:\/\/demo.milkiya.ma\/fr_fr\/#organization","name":"MILKIYA","url":"https:\/\/demo.milkiya.ma\/fr_fr\/","logo":{"@type":"ImageObject","inLanguage":"ary","@id":"https:\/\/demo.milkiya.ma\/fr_fr\/#\/schema\/logo\/image\/","url":"https:\/\/www.milkiya.ma\/wp-content\/uploads\/2022\/08\/logo-milkiya-wrb.webp","contentUrl":"https:\/\/www.milkiya.ma\/wp-content\/uploads\/2022\/08\/logo-milkiya-wrb.webp","width":1440,"height":675,"caption":"MILKIYA"},"image":{"@id":"https:\/\/demo.milkiya.ma\/fr_fr\/#\/schema\/logo\/image\/"},"sameAs":["https:\/\/www.facebook.com\/MILKIYA.officiel\/","https:\/\/x.com\/Milkiya22","https:\/\/www.instagram.com\/milkiya.officiel\/","https:\/\/www.linkedin.com\/company\/milkiya\/"]}]}},"_links":{"self":[{"href":"https:\/\/demo.milkiya.ma\/ar\/wp-json\/wp\/v2\/pages\/9081","targetHints":{"allow":["GET"]}}],"collection":[{"href":"https:\/\/demo.milkiya.ma\/ar\/wp-json\/wp\/v2\/pages"}],"about":[{"href":"https:\/\/demo.milkiya.ma\/ar\/wp-json\/wp\/v2\/types\/page"}],"author":[{"embeddable":true,"href":"https:\/\/demo.milkiya.ma\/ar\/wp-json\/wp\/v2\/users\/52"}],"replies":[{"embeddable":true,"href":"https:\/\/demo.milkiya.ma\/ar\/wp-json\/wp\/v2\/comments?post=9081"}],"version-history":[{"count":7,"href":"https:\/\/demo.milkiya.ma\/ar\/wp-json\/wp\/v2\/pages\/9081\/revisions"}],"predecessor-version":[{"id":9140,"href":"https:\/\/demo.milkiya.ma\/ar\/wp-json\/wp\/v2\/pages\/9081\/revisions\/9140"}],"wp:attachment":[{"href":"https:\/\/demo.milkiya.ma\/ar\/wp-json\/wp\/v2\/media?parent=9081"}],"curies":[{"name":"wp","href":"https:\/\/api.w.org\/{rel}","templated":true}]}}